{"id":3259,"date":"2025-03-17T08:47:31","date_gmt":"2025-03-17T05:47:31","guid":{"rendered":"https:\/\/library.ircica.org\/arastirma-destegi\/"},"modified":"2026-03-30T16:48:55","modified_gmt":"2026-03-30T13:48:55","slug":"arastirma-destegi","status":"publish","type":"page","link":"https:\/\/library.ircica.org\/tr\/arastirma-destegi\/","title":{"rendered":"Ara\u015ft\u0131rma Deste\u011fi"},"content":{"rendered":"\t\t<div data-elementor-type=\"wp-page\" data-elementor-id=\"3259\" class=\"elementor elementor-3259 elementor-1546\" data-elementor-post-type=\"page\">\n\t\t\t\t<div class=\"elementor-element elementor-element-273279b e-flex e-con-boxed e-con e-parent\" data-id=\"273279b\" data-element_type=\"container\" data-e-type=\"container\">\n\t\t\t\t\t<div class=\"e-con-inner\">\n\t\t\t\t<div class=\"elementor-element elementor-element-d160499 elementor-widget elementor-widget-heading\" data-id=\"d160499\" data-element_type=\"widget\" data-e-type=\"widget\" data-widget_type=\"heading.default\">\n\t\t\t\t<div class=\"elementor-widget-container\">\n\t\t\t\t\t<h2 class=\"elementor-heading-title elementor-size-default\">Ara\u015ft\u0131rma Deste\u011fi<\/h2>\t\t\t\t<\/div>\n\t\t\t\t<\/div>\n\t\t\t\t<div class=\"elementor-element elementor-element-c99a2ce elementor-widget elementor-widget-text-editor\" data-id=\"c99a2ce\" data-element_type=\"widget\" data-e-type=\"widget\" data-widget_type=\"text-editor.default\">\n\t\t\t\t<div class=\"elementor-widget-container\">\n\t\t\t\t\t\t\t\t\t<p>\u00a0<\/p><p>IRCICA K\u00fct\u00fcphanesi sahip oldu\u011fu koleksiyonlarla hem fiziksel mek\u00e2n\u0131nda hem de elektronik ortamda kullan\u0131c\u0131lar\u0131na her t\u00fcrl\u00fc ara\u015ft\u0131rma deste\u011fini vermektedir. A\u00e7\u0131k oldu\u011fu saatler aras\u0131nda K\u00fct\u00fcphane\u2019nin, ferah \u00e7al\u0131\u015fma salonlar\u0131na, g\u00fc\u00e7l\u00fc teknik bir alt yap\u0131ya sahip ve \u015fehrin merkezinde tarihi mekanlarla \u00e7evrili fiziksel ortam\u0131ndan yararlanmak m\u00fcmk\u00fcnd\u00fcr.<\/p><p>\u00a0<\/p><p>K\u00fct\u00fcphane \u00dcyelik ve Kullan\u0131m Kurallar\u0131 i\u00e7in <a href=\"https:\/\/library.ircica.org\/tr\/?page_id=3305\">t\u0131klay\u0131n\u0131z.<\/a><\/p>\t\t\t\t\t\t\t\t<\/div>\n\t\t\t\t<\/div>\n\t\t\t\t<div class=\"elementor-element elementor-element-82147c3 elementor-widget-divider--view-line_text elementor-widget-divider--element-align-center elementor-widget elementor-widget-divider\" data-id=\"82147c3\" data-element_type=\"widget\" data-e-type=\"widget\" data-widget_type=\"divider.default\">\n\t\t\t\t<div class=\"elementor-widget-container\">\n\t\t\t\t\t\t\t<div class=\"elementor-divider\">\n\t\t\t<span class=\"elementor-divider-separator\">\n\t\t\t\t\t\t\t<span class=\"elementor-divider__text elementor-divider__element\">\n\t\t\t\tIRCICA\t\t\t\t<\/span>\n\t\t\t\t\t\t<\/span>\n\t\t<\/div>\n\t\t\t\t\t\t<\/div>\n\t\t\t\t<\/div>\n\t\t\t\t\t<\/div>\n\t\t\t\t<\/div>\n\t\t\t\t<\/div>\n\t\t","protected":false},"excerpt":{"rendered":"<p>Ara\u015ft\u0131rma Deste\u011fi \u00a0 IRCICA K\u00fct\u00fcphanesi sahip oldu\u011fu koleksiyonlarla hem fiziksel mek\u00e2n\u0131nda hem de elektronik ortamda kullan\u0131c\u0131lar\u0131na her t\u00fcrl\u00fc ara\u015ft\u0131rma deste\u011fini vermektedir. A\u00e7\u0131k oldu\u011fu saatler aras\u0131nda K\u00fct\u00fcphane\u2019nin, ferah \u00e7al\u0131\u015fma salonlar\u0131na, g\u00fc\u00e7l\u00fc&hellip;<\/p>\n","protected":false},"author":2,"featured_media":0,"parent":0,"menu_order":0,"comment_status":"closed","ping_status":"closed","template":"page-fullwidth.php","meta":{"_lmt_disableupdate":"no","_lmt_disable":"","footnotes":""},"class_list":["post-3259","page","type-page","status-publish","hentry"],"_links":{"self":[{"href":"https:\/\/library.ircica.org\/tr\/wp-json\/wp\/v2\/pages\/3259","targetHints":{"allow":["GET"]}}],"collection":[{"href":"https:\/\/library.ircica.org\/tr\/wp-json\/wp\/v2\/pages"}],"about":[{"href":"https:\/\/library.ircica.org\/tr\/wp-json\/wp\/v2\/types\/page"}],"author":[{"embeddable":true,"href":"https:\/\/library.ircica.org\/tr\/wp-json\/wp\/v2\/users\/2"}],"replies":[{"embeddable":true,"href":"https:\/\/library.ircica.org\/tr\/wp-json\/wp\/v2\/comments?post=3259"}],"version-history":[{"count":7,"href":"https:\/\/library.ircica.org\/tr\/wp-json\/wp\/v2\/pages\/3259\/revisions"}],"predecessor-version":[{"id":4922,"href":"https:\/\/library.ircica.org\/tr\/wp-json\/wp\/v2\/pages\/3259\/revisions\/4922"}],"wp:attachment":[{"href":"https:\/\/library.ircica.org\/tr\/wp-json\/wp\/v2\/media?parent=3259"}],"curies":[{"name":"wp","href":"https:\/\/api.w.org\/{rel}","templated":true}]}}