{"id":3261,"date":"2025-03-25T12:28:47","date_gmt":"2025-03-25T09:28:47","guid":{"rendered":"https:\/\/library.ircica.org\/arsiv-koleksiyonu\/"},"modified":"2026-03-30T15:35:45","modified_gmt":"2026-03-30T12:35:45","slug":"arsiv-koleksiyonu","status":"publish","type":"page","link":"https:\/\/library.ircica.org\/tr\/arsiv-koleksiyonu\/","title":{"rendered":"AR\u015e\u0130V KOLEKS\u0130YONU"},"content":{"rendered":"\t\t<div data-elementor-type=\"wp-page\" data-elementor-id=\"3261\" class=\"elementor elementor-3261 elementor-2257\" data-elementor-post-type=\"page\">\n\t\t\t\t<div class=\"elementor-element elementor-element-332ce5f e-flex e-con-boxed e-con e-parent\" data-id=\"332ce5f\" data-element_type=\"container\" data-e-type=\"container\">\n\t\t\t\t\t<div class=\"e-con-inner\">\n\t\t\t\t<div class=\"elementor-element elementor-element-ff51658 elementor-widget elementor-widget-heading\" data-id=\"ff51658\" data-element_type=\"widget\" data-e-type=\"widget\" data-widget_type=\"heading.default\">\n\t\t\t\t<div class=\"elementor-widget-container\">\n\t\t\t\t\t<h2 class=\"elementor-heading-title elementor-size-default\">Ar\u015fiv Koleksiyonu<\/h2>\t\t\t\t<\/div>\n\t\t\t\t<\/div>\n\t\t\t\t<div class=\"elementor-element elementor-element-bd3c8ae elementor-arrows-position-inside elementor-pagination-position-outside elementor-widget elementor-widget-image-carousel\" data-id=\"bd3c8ae\" data-element_type=\"widget\" data-e-type=\"widget\" data-settings=\"{&quot;navigation&quot;:&quot;both&quot;,&quot;autoplay&quot;:&quot;yes&quot;,&quot;pause_on_hover&quot;:&quot;yes&quot;,&quot;pause_on_interaction&quot;:&quot;yes&quot;,&quot;autoplay_speed&quot;:5000,&quot;infinite&quot;:&quot;yes&quot;,&quot;speed&quot;:500}\" data-widget_type=\"image-carousel.default\">\n\t\t\t\t<div class=\"elementor-widget-container\">\n\t\t\t\t\t\t\t<div class=\"elementor-image-carousel-wrapper swiper\" role=\"region\" aria-roledescription=\"carousel\" aria-label=\"Image Carousel\" dir=\"ltr\">\n\t\t\t<div class=\"elementor-image-carousel swiper-wrapper\" aria-live=\"off\">\n\t\t\t\t\t\t\t\t<div class=\"swiper-slide\" role=\"group\" aria-roledescription=\"slide\" aria-label=\"1 \/ 5\"><figure class=\"swiper-slide-inner\"><img decoding=\"async\" class=\"swiper-slide-image\" src=\"https:\/\/library.ircica.org\/wp-content\/uploads\/2025\/03\/Resim10-300x106.jpg\" alt=\"Resim10\" \/><\/figure><\/div><div class=\"swiper-slide\" role=\"group\" aria-roledescription=\"slide\" aria-label=\"2 \/ 5\"><figure class=\"swiper-slide-inner\"><img decoding=\"async\" class=\"swiper-slide-image\" src=\"https:\/\/library.ircica.org\/wp-content\/uploads\/2025\/03\/Resim9-300x102.jpg\" alt=\"Resim9\" \/><\/figure><\/div><div class=\"swiper-slide\" role=\"group\" aria-roledescription=\"slide\" aria-label=\"3 \/ 5\"><figure class=\"swiper-slide-inner\"><img decoding=\"async\" class=\"swiper-slide-image\" src=\"https:\/\/library.ircica.org\/wp-content\/uploads\/2025\/03\/Resim2-1-300x105.jpg\" alt=\"Resim2\" \/><\/figure><\/div><div class=\"swiper-slide\" role=\"group\" aria-roledescription=\"slide\" aria-label=\"4 \/ 5\"><figure class=\"swiper-slide-inner\"><img decoding=\"async\" class=\"swiper-slide-image\" src=\"https:\/\/library.ircica.org\/wp-content\/uploads\/2025\/03\/Resim11-300x137.jpg\" alt=\"Resim11\" \/><\/figure><\/div><div class=\"swiper-slide\" role=\"group\" aria-roledescription=\"slide\" aria-label=\"5 \/ 5\"><figure class=\"swiper-slide-inner\"><img decoding=\"async\" class=\"swiper-slide-image\" src=\"https:\/\/library.ircica.org\/wp-content\/uploads\/2025\/03\/Resim12-300x178.jpg\" alt=\"Resim12\" \/><\/figure><\/div>\t\t\t<\/div>\n\t\t\t\t\t\t\t\t\t\t\t\t<div class=\"elementor-swiper-button elementor-swiper-button-prev\" role=\"button\" tabindex=\"0\">\n\t\t\t\t\t\t<i aria-hidden=\"true\" class=\"eicon-chevron-left\"><\/i>\t\t\t\t\t<\/div>\n\t\t\t\t\t<div class=\"elementor-swiper-button elementor-swiper-button-next\" role=\"button\" tabindex=\"0\">\n\t\t\t\t\t\t<i aria-hidden=\"true\" class=\"eicon-chevron-right\"><\/i>\t\t\t\t\t<\/div>\n\t\t\t\t\n\t\t\t\t\t\t\t\t\t<div class=\"swiper-pagination\"><\/div>\n\t\t\t\t\t\t\t\t\t<\/div>\n\t\t\t\t\t\t<\/div>\n\t\t\t\t<\/div>\n\t\t\t\t<div class=\"elementor-element elementor-element-0481068 elementor-widget elementor-widget-text-editor\" data-id=\"0481068\" data-element_type=\"widget\" data-e-type=\"widget\" data-widget_type=\"text-editor.default\">\n\t\t\t\t<div class=\"elementor-widget-container\">\n\t\t\t\t\t\t\t\t\t<p>\u00a0<\/p><p>IRCICA Ar\u015fivi, merkezin kurulu\u015f tarihine paralel olarak ortaya \u00e7\u0131km\u0131\u015f ve geli\u015fmi\u015ftir. Foto\u011fraf Ar\u015fivi\u2019nin temelleri, orijinalleri \u0130stanbul \u00dcniversitesi Nadir Eserler K\u00fct\u00fcphanesi\u2019nde bulunan Y\u0131ld\u0131z Foto\u011fraf Koleksiyonu\u2019nun yay\u0131nlanmas\u0131 hususunda, \u0130stanbul \u00dcniversitesi ile 1982\u2019de yap\u0131lan bir protokolle at\u0131lm\u0131\u015ft\u0131r. Bu koleksiyonun negatif kopyalar\u0131n\u0131n \u00e7\u0131kar\u0131lmas\u0131 ve tasnifi 1988 y\u0131l\u0131na kadar s\u00fcrm\u00fc\u015ft\u00fcr.<\/p><p>\u00a0<\/p><p>IRCICA Ar\u015fivi, foto\u011fraflar, cam ve negatif filmler, slaytlar, evrak, mikrofilm, mikrofi\u015f, plak, ses ve video kay\u0131tlar\u0131 gibi pek \u00e7ok farkl\u0131 materyali b\u00fcnyesinde bulundurmaktad\u0131r. Ar\u015fiv, 100\u2019\u00fc a\u015fk\u0131n foto\u011fraf koleksiyonu ve 77 bin civar\u0131ndaki g\u00f6rsel materyale sahiptir. Foto\u011fraf koleksiyonlar\u0131 aras\u0131nda; Medine M\u00fcdafii Fahreddin Pa\u015fa, Osmanl\u0131 hanedan\u0131ndan Nesli\u015fah Osmano\u011flu, Halife Abd\u00fclmecid Efendi\u2019nin yaveri Ekrem R\u00fc\u015ft\u00fc Ak\u00f6mer ve \u00f6zel k\u00e2tibi Salih Keramet Nig\u00e2r, koleksiyoner ve amat\u00f6r foto\u011fraf\u00e7\u0131 Nuri Arlasez, e\u011fitimci Nezahat Nureddin Ege, Mabeynci Mehmed Emin Bey\u2019in gelini Sabiha Darga koleksiyonlar\u0131 dikkat \u00e7ekmektedir.<\/p><p>\u00a0<\/p><p>Tarihi de\u011fer ve kapsam a\u00e7\u0131s\u0131ndan \u00f6nemli koleksiyonlar aras\u0131nda Kuzey Kafkasya Cumhuriyeti D\u0131\u015fi\u015fleri Bakan\u0131 Haidar Bammate ve o\u011flu, eski UNESCO Genel Direkt\u00f6r Yard\u0131mc\u0131lar\u0131ndan, \u0130slam k\u00fclt\u00fcr\u00fc uzman\u0131 Prof. Necmeddin Bammate; T\u00fcrk d\u00fcnyas\u0131 tarihi ve uluslararas\u0131 ili\u015fkileri uzman\u0131 Prof. Nadir Devlet; T\u00fcrk Tarih Kurumu ve IRCICA K\u00fct\u00fcphanesi\u2019nde uzun y\u0131llar \u00e7al\u0131\u015fm\u0131\u015f duayen k\u00fct\u00fcphaneci Mihin Lugal ve babas\u0131, Arap ve Fars dilleri ve edebiyatlar\u0131 uzman\u0131 Prof. Necati Lugal; IRCICA foto\u011fraf ar\u015fivini kuran ve tasnifini yapan Harita Emekli Albay Edip \u00d6zkale koleksiyonlar\u0131 bulunmaktad\u0131r.<\/p><p>\u00a0<\/p>\t\t\t\t\t\t\t\t<\/div>\n\t\t\t\t<\/div>\n\t\t\t\t\t<\/div>\n\t\t\t\t<\/div>\n\t\t<div class=\"elementor-element elementor-element-4d8813b e-flex e-con-boxed e-con e-parent\" data-id=\"4d8813b\" data-element_type=\"container\" data-e-type=\"container\">\n\t\t\t\t\t<div class=\"e-con-inner\">\n\t\t<div class=\"elementor-element elementor-element-651ecf5 e-con-full e-flex e-con e-child\" data-id=\"651ecf5\" data-element_type=\"container\" data-e-type=\"container\">\n\t\t<div class=\"elementor-element elementor-element-35fa68e e-con-full e-flex e-con e-child\" data-id=\"35fa68e\" data-element_type=\"container\" data-e-type=\"container\">\n\t\t\t\t<div class=\"elementor-element elementor-element-e50f9a1 elementor-widget elementor-widget-image\" data-id=\"e50f9a1\" data-element_type=\"widget\" data-e-type=\"widget\" data-widget_type=\"image.default\">\n\t\t\t\t<div class=\"elementor-widget-container\">\n\t\t\t\t\t\t\t\t\t\t\t\t\t\t\t\t<a href=\"https:\/\/openaccess.ircica.org\/home\">\n\t\t\t\t\t\t\t<img decoding=\"async\" src=\"https:\/\/library.ircica.org\/wp-content\/uploads\/elementor\/thumbs\/site2-rl9p98q3d0qphjjtwobrs911t9ort0txv1nw6fz2tc.png\" title=\"site2\" alt=\"site2\" loading=\"lazy\" \/>\t\t\t\t\t\t\t\t<\/a>\n\t\t\t\t\t\t\t\t\t\t\t\t\t\t\t<\/div>\n\t\t\t\t<\/div>\n\t\t\t\t<\/div>\n\t\t<div class=\"elementor-element elementor-element-632eef1 e-con-full e-flex e-con e-child\" data-id=\"632eef1\" data-element_type=\"container\" data-e-type=\"container\">\n\t\t\t\t<div class=\"elementor-element elementor-element-913df7c elementor-widget elementor-widget-image\" data-id=\"913df7c\" data-element_type=\"widget\" data-e-type=\"widget\" data-widget_type=\"image.default\">\n\t\t\t\t<div class=\"elementor-widget-container\">\n\t\t\t\t\t\t\t\t\t\t\t\t\t\t\t\t<a href=\"https:\/\/elibrary.ircica.org\/Biblio\/SearchResult?HasDigital=&#038;KeyField=SearchKeyword&#038;SearchKeyword=\">\n\t\t\t\t\t\t\t<img fetchpriority=\"high\" decoding=\"async\" width=\"1024\" height=\"404\" src=\"https:\/\/library.ircica.org\/wp-content\/uploads\/2026\/03\/Ekran-Goruntusu-2026-03-30-15-24-54-1024x404.png\" class=\"attachment-large size-large wp-image-4861\" alt=\"\" srcset=\"https:\/\/library.ircica.org\/wp-content\/uploads\/2026\/03\/Ekran-Goruntusu-2026-03-30-15-24-54-1024x404.png 1024w, https:\/\/library.ircica.org\/wp-content\/uploads\/2026\/03\/Ekran-Goruntusu-2026-03-30-15-24-54-300x118.png 300w, https:\/\/library.ircica.org\/wp-content\/uploads\/2026\/03\/Ekran-Goruntusu-2026-03-30-15-24-54-768x303.png 768w, https:\/\/library.ircica.org\/wp-content\/uploads\/2026\/03\/Ekran-Goruntusu-2026-03-30-15-24-54-1170x462.png 1170w, https:\/\/library.ircica.org\/wp-content\/uploads\/2026\/03\/Ekran-Goruntusu-2026-03-30-15-24-54-585x231.png 585w, https:\/\/library.ircica.org\/wp-content\/uploads\/2026\/03\/Ekran-Goruntusu-2026-03-30-15-24-54.png 1172w\" sizes=\"(max-width: 1024px) 100vw, 1024px\" \/>\t\t\t\t\t\t\t\t<\/a>\n\t\t\t\t\t\t\t\t\t\t\t\t\t\t\t<\/div>\n\t\t\t\t<\/div>\n\t\t\t\t<\/div>\n\t\t\t\t<\/div>\n\t\t\t\t\t<\/div>\n\t\t\t\t<\/div>\n\t\t\t\t<\/div>\n\t\t","protected":false},"excerpt":{"rendered":"<p>Ar\u015fiv Koleksiyonu \u00a0 IRCICA Ar\u015fivi, merkezin kurulu\u015f tarihine paralel olarak ortaya \u00e7\u0131km\u0131\u015f ve geli\u015fmi\u015ftir. Foto\u011fraf Ar\u015fivi\u2019nin temelleri, orijinalleri \u0130stanbul \u00dcniversitesi Nadir Eserler K\u00fct\u00fcphanesi\u2019nde bulunan Y\u0131ld\u0131z Foto\u011fraf Koleksiyonu\u2019nun yay\u0131nlanmas\u0131 hususunda, \u0130stanbul&hellip;<\/p>\n","protected":false},"author":2,"featured_media":0,"parent":0,"menu_order":0,"comment_status":"closed","ping_status":"closed","template":"page-fullwidth.php","meta":{"_lmt_disableupdate":"no","_lmt_disable":"","footnotes":""},"class_list":["post-3261","page","type-page","status-publish","hentry"],"_links":{"self":[{"href":"https:\/\/library.ircica.org\/tr\/wp-json\/wp\/v2\/pages\/3261","targetHints":{"allow":["GET"]}}],"collection":[{"href":"https:\/\/library.ircica.org\/tr\/wp-json\/wp\/v2\/pages"}],"about":[{"href":"https:\/\/library.ircica.org\/tr\/wp-json\/wp\/v2\/types\/page"}],"author":[{"embeddable":true,"href":"https:\/\/library.ircica.org\/tr\/wp-json\/wp\/v2\/users\/2"}],"replies":[{"embeddable":true,"href":"https:\/\/library.ircica.org\/tr\/wp-json\/wp\/v2\/comments?post=3261"}],"version-history":[{"count":4,"href":"https:\/\/library.ircica.org\/tr\/wp-json\/wp\/v2\/pages\/3261\/revisions"}],"predecessor-version":[{"id":4885,"href":"https:\/\/library.ircica.org\/tr\/wp-json\/wp\/v2\/pages\/3261\/revisions\/4885"}],"wp:attachment":[{"href":"https:\/\/library.ircica.org\/tr\/wp-json\/wp\/v2\/media?parent=3261"}],"curies":[{"name":"wp","href":"https:\/\/api.w.org\/{rel}","templated":true}]}}