{"id":3263,"date":"2025-03-17T08:39:57","date_gmt":"2025-03-17T05:39:57","guid":{"rendered":"https:\/\/library.ircica.org\/calisma-saatleri\/"},"modified":"2025-08-21T10:21:28","modified_gmt":"2025-08-21T07:21:28","slug":"calisma-saatleri","status":"publish","type":"page","link":"https:\/\/library.ircica.org\/tr\/calisma-saatleri\/","title":{"rendered":"\u00c7al\u0131\u015fma Saatleri"},"content":{"rendered":"\t\t<div data-elementor-type=\"wp-page\" data-elementor-id=\"3263\" class=\"elementor elementor-3263 elementor-1537\" data-elementor-post-type=\"page\">\n\t\t\t\t<div class=\"elementor-element elementor-element-77fe1de e-flex e-con-boxed e-con e-parent\" data-id=\"77fe1de\" data-element_type=\"container\" data-e-type=\"container\">\n\t\t\t\t\t<div class=\"e-con-inner\">\n\t\t\t\t<div class=\"elementor-element elementor-element-c1288da elementor-widget elementor-widget-heading\" data-id=\"c1288da\" data-element_type=\"widget\" data-e-type=\"widget\" data-widget_type=\"heading.default\">\n\t\t\t\t<div class=\"elementor-widget-container\">\n\t\t\t\t\t<h2 class=\"elementor-heading-title elementor-size-default\">\u00c7al\u0131\u015fma Saatleri<\/h2>\t\t\t\t<\/div>\n\t\t\t\t<\/div>\n\t\t\t\t\t<\/div>\n\t\t\t\t<\/div>\n\t\t<div class=\"elementor-element elementor-element-6087853 e-flex e-con-boxed e-con e-parent\" data-id=\"6087853\" data-element_type=\"container\" data-e-type=\"container\">\n\t\t\t\t\t<div class=\"e-con-inner\">\n\t\t\t\t<div class=\"elementor-element elementor-element-a47f41f elementor-widget elementor-widget-text-editor\" data-id=\"a47f41f\" data-element_type=\"widget\" data-e-type=\"widget\" data-widget_type=\"text-editor.default\">\n\t\t\t\t<div class=\"elementor-widget-container\">\n\t\t\t\t\t\t\t\t\t<h1 style=\"text-align: center;\"><span style=\"color: #333333;\">IRCICA K\u00dcT\u00dcPHANE VE AR\u015e\u0130V\u0130<\/span><\/h1>\n<h2 style=\"text-align: center;\"><span style=\"color: #000000;\">Pazartesi-Cuma: 09.00-17.00 <\/span><\/h2>\n<h2 style=\"text-align: center;\"><span style=\"color: #000000;\">Resm\u00ee tatillerde kapal\u0131.<\/span><\/h2>\t\t\t\t\t\t\t\t<\/div>\n\t\t\t\t<\/div>\n\t\t\t\t\t<\/div>\n\t\t\t\t<\/div>\n\t\t\t\t<\/div>\n\t\t","protected":false},"excerpt":{"rendered":"<p>\u00c7al\u0131\u015fma Saatleri IRCICA K\u00dcT\u00dcPHANE VE AR\u015e\u0130V\u0130 Pazartesi-Cuma: 09.00-17.00 Resm\u00ee tatillerde kapal\u0131.<\/p>\n","protected":false},"author":2,"featured_media":0,"parent":0,"menu_order":0,"comment_status":"closed","ping_status":"closed","template":"page-fullwidth.php","meta":{"_lmt_disableupdate":"no","_lmt_disable":"","footnotes":""},"class_list":["post-3263","page","type-page","status-publish","hentry"],"_links":{"self":[{"href":"https:\/\/library.ircica.org\/tr\/wp-json\/wp\/v2\/pages\/3263","targetHints":{"allow":["GET"]}}],"collection":[{"href":"https:\/\/library.ircica.org\/tr\/wp-json\/wp\/v2\/pages"}],"about":[{"href":"https:\/\/library.ircica.org\/tr\/wp-json\/wp\/v2\/types\/page"}],"author":[{"embeddable":true,"href":"https:\/\/library.ircica.org\/tr\/wp-json\/wp\/v2\/users\/2"}],"replies":[{"embeddable":true,"href":"https:\/\/library.ircica.org\/tr\/wp-json\/wp\/v2\/comments?post=3263"}],"version-history":[{"count":1,"href":"https:\/\/library.ircica.org\/tr\/wp-json\/wp\/v2\/pages\/3263\/revisions"}],"predecessor-version":[{"id":4170,"href":"https:\/\/library.ircica.org\/tr\/wp-json\/wp\/v2\/pages\/3263\/revisions\/4170"}],"wp:attachment":[{"href":"https:\/\/library.ircica.org\/tr\/wp-json\/wp\/v2\/media?parent=3263"}],"curies":[{"name":"wp","href":"https:\/\/api.w.org\/{rel}","templated":true}]}}