{"id":3265,"date":"2025-03-19T10:12:50","date_gmt":"2025-03-19T07:12:50","guid":{"rendered":"https:\/\/library.ircica.org\/dijital-koleksiyonlar\/"},"modified":"2026-03-30T15:36:11","modified_gmt":"2026-03-30T12:36:11","slug":"dijital-koleksiyonlar","status":"publish","type":"page","link":"https:\/\/library.ircica.org\/tr\/dijital-koleksiyonlar\/","title":{"rendered":"Dijital Koleksiyonlar"},"content":{"rendered":"\t\t<div data-elementor-type=\"wp-page\" data-elementor-id=\"3265\" class=\"elementor elementor-3265 elementor-1803\" data-elementor-post-type=\"page\">\n\t\t\t\t<div class=\"elementor-element elementor-element-d55d871 e-flex e-con-boxed e-con e-parent\" data-id=\"d55d871\" data-element_type=\"container\" data-e-type=\"container\">\n\t\t\t\t\t<div class=\"e-con-inner\">\n\t\t\t\t<div class=\"elementor-element elementor-element-006a28f elementor-widget elementor-widget-heading\" data-id=\"006a28f\" data-element_type=\"widget\" data-e-type=\"widget\" data-widget_type=\"heading.default\">\n\t\t\t\t<div class=\"elementor-widget-container\">\n\t\t\t\t\t<h3 class=\"elementor-heading-title elementor-size-default\">Dijital Koleksiyonlar<\/h3>\t\t\t\t<\/div>\n\t\t\t\t<\/div>\n\t\t\t\t<div class=\"elementor-element elementor-element-9478cfa elementor-widget elementor-widget-text-editor\" data-id=\"9478cfa\" data-element_type=\"widget\" data-e-type=\"widget\" data-widget_type=\"text-editor.default\">\n\t\t\t\t<div class=\"elementor-widget-container\">\n\t\t\t\t\t\t\t\t\t<p>K\u00fclt\u00fcrel miras kapsam\u0131nda yer alan t\u00fcm materyallerin korunmas\u0131, gelecek nesillere aktar\u0131lmas\u0131, co\u011frafi ve sosyal s\u0131n\u0131rlardan ba\u011f\u0131ms\u0131z olarak kaynaklara kolay ve h\u0131zl\u0131 eri\u015fimin sa\u011flanmas\u0131 amac\u0131yla IRCICA 2008 y\u0131l\u0131ndan beri dijitalle\u015ftirme \u00e7al\u0131\u015fmalar\u0131 yapmaktad\u0131r.<\/p><p>Bu \u00e7al\u0131\u015fmalarla; yaz\u0131l\u0131, bas\u0131l\u0131, g\u00f6rsel ve i\u015fitsel materyaller, standartlara uygun taray\u0131c\u0131larla taranarak ve yine uluslararas\u0131 standart ve kurallara uygun olarak \u00fcst verileri haz\u0131rlanarak dijital koleksiyonlar olu\u015fturulmaktad\u0131r.\u00a0 Ayr\u0131ca matbu nadir eserler OCR i\u015fleminden ge\u00e7irildikten sonra okunabilir, d\u00fczeltilebilir ve kolayca yararlan\u0131labilir formatta ara\u015ft\u0131rmac\u0131lara sunulmaktad\u0131r.<br \/><br \/><\/p><p>Dijital Koleksiyonlar olu\u015fturulurken \u00f6ncelikle, IRCICA\u2019n\u0131n faaliyet alanlar\u0131na uygun konularda eserler se\u00e7ilmekte ve IRCICA ara\u015ft\u0131rmac\u0131lar\u0131n\u0131n istekleri, eserin fiziksel durumu gibi birtak\u0131m \u00f6zellikler de dikkate al\u0131narak dijital koleksiyonlar\u0131n \u00f6ncelik s\u0131ras\u0131 tespit edilmektedir. Entelekt\u00fcel m\u00fclkiyet ve telif haklar\u0131 ile korunan materyaller, sahiplerinin izni do\u011frultusunda genel kullan\u0131ma a\u00e7\u0131lmaktad\u0131r.<br \/><br \/><\/p><p>IRCICA K\u00fct\u00fcphane ve Ar\u015fivi, farkl\u0131 t\u00fcr ve formatlardaki materyallerden olu\u015fan zengin dijital koleksiyonlar\u0131 ile ara\u015ft\u0131rmac\u0131lar\u0131 destekleme bilinci ve sorumlulu\u011funu ta\u015f\u0131yarak, \u00e7al\u0131\u015fma ve projelerini s\u00fcrd\u00fcrmeye devam etmektedir.<\/p>\t\t\t\t\t\t\t\t<\/div>\n\t\t\t\t<\/div>\n\t\t\t\t<div class=\"elementor-element elementor-element-5111ff0 elementor-widget elementor-widget-heading\" data-id=\"5111ff0\" data-element_type=\"widget\" data-e-type=\"widget\" data-widget_type=\"heading.default\">\n\t\t\t\t<div class=\"elementor-widget-container\">\n\t\t\t\t\t<h2 class=\"elementor-heading-title elementor-size-default\">Dijital Materyallerin Kullan\u0131m Haklar\u0131: <\/h2>\t\t\t\t<\/div>\n\t\t\t\t<\/div>\n\t\t\t\t<div class=\"elementor-element elementor-element-e7cc584 elementor-widget elementor-widget-text-editor\" data-id=\"e7cc584\" data-element_type=\"widget\" data-e-type=\"widget\" data-widget_type=\"text-editor.default\">\n\t\t\t\t<div class=\"elementor-widget-container\">\n\t\t\t\t\t\t\t\t\t<p>IRCICA K\u00fct\u00fcphane ve Ar\u015fivi\u2019ndeki materyaller yaln\u0131zca ara\u015ft\u0131rma ve bilimsel \u00e7al\u0131\u015fma i\u00e7in fiziksel kopya ya da dijital olarak mevcuttur. IRCICA K\u00fct\u00fcphane ve Ar\u015fivi web sitesinde sunulan materyallerin kullan\u0131m\u0131 T\u00fcrkiye Cumhuriyeti Fikir ve Sanat Eserleri Kanunu\u2019na uygundur. \u0130slam \u0130\u015fbirli\u011fi Te\u015fkilat\u0131\u2019n\u0131n bir alt kurulu\u015fu olan IRCICA, bu materyalleri web sitesinde sunarken Bern S\u00f6zle\u015fmesi ve WIPO telif hakk\u0131 anla\u015fmas\u0131na uymaktad\u0131r. Bu nedenle, bilim, edebiyat, m\u00fczik, hat sanat\u0131 vb. dahil olmak \u00fczere fikri veya sanatsal nitelikteki bir eserin g\u00f6r\u00fcnt\u00fclenmesi hakk\u0131 eserin hak sahibine\/yazar\u0131na ait olacakt\u0131r.<br><br><\/p>\n<p>IRCICA K\u00fct\u00fcphane ve Ar\u015fivi web sitesinde sunulan s\u00f6z konusu eserler yukar\u0131da belirtilen yasa ve s\u00f6zle\u015fmelerle korunmaktad\u0131r. Kullan\u0131c\u0131lar\u0131n, yukar\u0131da s\u0131ralanan yasa ve s\u00f6zle\u015fmelerde belirtildi\u011fi gibi, bunlar\u0131 kopyalamas\u0131, \u00e7o\u011faltmas\u0131, da\u011f\u0131tmas\u0131, de\u011fi\u015ftirmesi, uyarlamas\u0131, yaymas\u0131, icra etmesi veya yay\u0131nlamas\u0131 yasakt\u0131r. \u00dcretilen eserin herhangi bir t\u00fcrde kullan\u0131m\u0131, eserin yazar\u0131n\u0131n ve IRCICA\u2019n\u0131n yaz\u0131l\u0131 ve imzal\u0131 onay\u0131na ek olarak ilgili yasa ve s\u00f6zle\u015fmelere tabi olacakt\u0131r. Eserin belirtilecek \u015fekildeki serbest kullan\u0131m\u0131, ilgili yasa ve s\u00f6zle\u015fmelere g\u00f6re \u00f6\u011fretim ama\u00e7l\u0131 sunumu, kaynak ve yazar belirtme, al\u0131nt\u0131lama ilkelerine uygun olacak ve k\u00e2r amac\u0131 g\u00fctmeyecektir. Kullan\u0131c\u0131, \u00e7o\u011falt\u0131lan eserin telif hakk\u0131 ve yay\u0131n haklar\u0131n\u0131n ihlali dahil ancak bunlarla s\u0131n\u0131rl\u0131 olmamak \u00fczere herhangi bir yanl\u0131\u015f kullan\u0131mda her t\u00fcrl\u00fc yasal y\u00fck\u00fcml\u00fcl\u00fc\u011f\u00fc ve tam sorumlulu\u011fu \u00fcstlenecektir.<\/p>\n<p>Materyale at\u0131f a\u015fa\u011f\u0131daki \u015fekilde yap\u0131lmal\u0131d\u0131r:<br><br><\/p>\n<p style=\"padding-left: 40px;\">IRCICA K\u00fct\u00fcphanesi ve Ar\u015fivi. Koleksiyon Ad\u0131, Materyal Ba\u015fl\u0131\u011f\u0131, Demirba\u015f no.<br><br><\/p>\n<p>Daha fazla bilgi i\u00e7in l\u00fctfen library@ircica.org adresinden bizimle ileti\u015fime ge\u00e7in.<\/p>\t\t\t\t\t\t\t\t<\/div>\n\t\t\t\t<\/div>\n\t\t\t\t\t<\/div>\n\t\t\t\t<\/div>\n\t\t<div class=\"elementor-element elementor-element-f010b7f e-flex e-con-boxed e-con e-parent\" data-id=\"f010b7f\" data-element_type=\"container\" data-e-type=\"container\">\n\t\t\t\t\t<div class=\"e-con-inner\">\n\t\t<div class=\"elementor-element elementor-element-379585c e-con-full e-flex e-con e-child\" data-id=\"379585c\" data-element_type=\"container\" data-e-type=\"container\">\n\t\t\t\t<div class=\"elementor-element elementor-element-ec35e2d elementor-widget elementor-widget-image\" data-id=\"ec35e2d\" data-element_type=\"widget\" data-e-type=\"widget\" data-widget_type=\"image.default\">\n\t\t\t\t<div class=\"elementor-widget-container\">\n\t\t\t\t\t\t\t\t\t\t\t\t\t\t\t\t<a href=\"https:\/\/openaccess.ircica.org\/home\">\n\t\t\t\t\t\t\t<img decoding=\"async\" src=\"https:\/\/library.ircica.org\/wp-content\/uploads\/elementor\/thumbs\/site2-rl9p98q3d0qphjjtwobrs911t9ort0txv1nw6fz2tc.png\" title=\"site2\" alt=\"site2\" loading=\"lazy\" \/>\t\t\t\t\t\t\t\t<\/a>\n\t\t\t\t\t\t\t\t\t\t\t\t\t\t\t<\/div>\n\t\t\t\t<\/div>\n\t\t\t\t<\/div>\n\t\t<div class=\"elementor-element elementor-element-5b2ef2c e-con-full e-flex e-con e-child\" data-id=\"5b2ef2c\" data-element_type=\"container\" data-e-type=\"container\">\n\t\t\t\t<div class=\"elementor-element elementor-element-6b98d60 elementor-widget elementor-widget-image\" data-id=\"6b98d60\" data-element_type=\"widget\" data-e-type=\"widget\" data-widget_type=\"image.default\">\n\t\t\t\t<div class=\"elementor-widget-container\">\n\t\t\t\t\t\t\t\t\t\t\t\t\t\t\t\t<a href=\"https:\/\/elibrary.ircica.org\/Biblio\/SearchResult?HasDigital=&#038;KeyField=SearchKeyword&#038;SearchKeyword=\">\n\t\t\t\t\t\t\t<img fetchpriority=\"high\" decoding=\"async\" width=\"1024\" height=\"404\" src=\"https:\/\/library.ircica.org\/wp-content\/uploads\/2026\/03\/Ekran-Goruntusu-2026-03-30-15-24-54-1024x404.png\" class=\"attachment-large size-large wp-image-4861\" alt=\"\" srcset=\"https:\/\/library.ircica.org\/wp-content\/uploads\/2026\/03\/Ekran-Goruntusu-2026-03-30-15-24-54-1024x404.png 1024w, https:\/\/library.ircica.org\/wp-content\/uploads\/2026\/03\/Ekran-Goruntusu-2026-03-30-15-24-54-300x118.png 300w, https:\/\/library.ircica.org\/wp-content\/uploads\/2026\/03\/Ekran-Goruntusu-2026-03-30-15-24-54-768x303.png 768w, https:\/\/library.ircica.org\/wp-content\/uploads\/2026\/03\/Ekran-Goruntusu-2026-03-30-15-24-54-1170x462.png 1170w, https:\/\/library.ircica.org\/wp-content\/uploads\/2026\/03\/Ekran-Goruntusu-2026-03-30-15-24-54-585x231.png 585w, https:\/\/library.ircica.org\/wp-content\/uploads\/2026\/03\/Ekran-Goruntusu-2026-03-30-15-24-54.png 1172w\" sizes=\"(max-width: 1024px) 100vw, 1024px\" \/>\t\t\t\t\t\t\t\t<\/a>\n\t\t\t\t\t\t\t\t\t\t\t\t\t\t\t<\/div>\n\t\t\t\t<\/div>\n\t\t\t\t<\/div>\n\t\t\t\t\t<\/div>\n\t\t\t\t<\/div>\n\t\t\t\t<\/div>\n\t\t","protected":false},"excerpt":{"rendered":"<p>Dijital Koleksiyonlar K\u00fclt\u00fcrel miras kapsam\u0131nda yer alan t\u00fcm materyallerin korunmas\u0131, gelecek nesillere aktar\u0131lmas\u0131, co\u011frafi ve sosyal s\u0131n\u0131rlardan ba\u011f\u0131ms\u0131z olarak kaynaklara kolay ve h\u0131zl\u0131 eri\u015fimin sa\u011flanmas\u0131 amac\u0131yla IRCICA 2008 y\u0131l\u0131ndan beri&hellip;<\/p>\n","protected":false},"author":2,"featured_media":0,"parent":0,"menu_order":0,"comment_status":"closed","ping_status":"closed","template":"page-fullwidth.php","meta":{"_lmt_disableupdate":"no","_lmt_disable":"","footnotes":""},"class_list":["post-3265","page","type-page","status-publish","hentry"],"_links":{"self":[{"href":"https:\/\/library.ircica.org\/tr\/wp-json\/wp\/v2\/pages\/3265","targetHints":{"allow":["GET"]}}],"collection":[{"href":"https:\/\/library.ircica.org\/tr\/wp-json\/wp\/v2\/pages"}],"about":[{"href":"https:\/\/library.ircica.org\/tr\/wp-json\/wp\/v2\/types\/page"}],"author":[{"embeddable":true,"href":"https:\/\/library.ircica.org\/tr\/wp-json\/wp\/v2\/users\/2"}],"replies":[{"embeddable":true,"href":"https:\/\/library.ircica.org\/tr\/wp-json\/wp\/v2\/comments?post=3265"}],"version-history":[{"count":10,"href":"https:\/\/library.ircica.org\/tr\/wp-json\/wp\/v2\/pages\/3265\/revisions"}],"predecessor-version":[{"id":4891,"href":"https:\/\/library.ircica.org\/tr\/wp-json\/wp\/v2\/pages\/3265\/revisions\/4891"}],"wp:attachment":[{"href":"https:\/\/library.ircica.org\/tr\/wp-json\/wp\/v2\/media?parent=3265"}],"curies":[{"name":"wp","href":"https:\/\/api.w.org\/{rel}","templated":true}]}}