{"id":3267,"date":"2025-03-25T12:32:43","date_gmt":"2025-03-25T09:32:43","guid":{"rendered":"https:\/\/library.ircica.org\/dijital-koleksiyonlar-2\/"},"modified":"2025-08-21T09:53:37","modified_gmt":"2025-08-21T06:53:37","slug":"dijital-koleksiyonlar-2","status":"publish","type":"page","link":"https:\/\/library.ircica.org\/tr\/dijital-koleksiyonlar-2\/","title":{"rendered":"D\u0130J\u0130TAL KOLEKS\u0130YONLAR"},"content":{"rendered":"\t\t<div data-elementor-type=\"wp-page\" data-elementor-id=\"3267\" class=\"elementor elementor-3267 elementor-2263\" data-elementor-post-type=\"page\">\n\t\t\t\t<div class=\"elementor-element elementor-element-23aef27 e-flex e-con-boxed e-con e-parent\" data-id=\"23aef27\" data-element_type=\"container\" data-e-type=\"container\">\n\t\t\t\t\t<div class=\"e-con-inner\">\n\t\t\t\t<div class=\"elementor-element elementor-element-9dce547 elementor-widget elementor-widget-heading\" data-id=\"9dce547\" data-element_type=\"widget\" data-e-type=\"widget\" data-widget_type=\"heading.default\">\n\t\t\t\t<div class=\"elementor-widget-container\">\n\t\t\t\t\t<h2 class=\"elementor-heading-title elementor-size-default\">Dijital Koleksiyonlar<\/h2>\t\t\t\t<\/div>\n\t\t\t\t<\/div>\n\t\t\t\t<div class=\"elementor-element elementor-element-c59ee29 elementor-widget elementor-widget-image\" data-id=\"c59ee29\" data-element_type=\"widget\" data-e-type=\"widget\" data-widget_type=\"image.default\">\n\t\t\t\t<div class=\"elementor-widget-container\">\n\t\t\t\t\t\t\t\t\t\t\t\t\t\t\t<img fetchpriority=\"high\" decoding=\"async\" width=\"468\" height=\"293\" src=\"https:\/\/library.ircica.org\/wp-content\/uploads\/2025\/03\/Resim1.png\" class=\"attachment-full size-full wp-image-3181\" alt=\"\" srcset=\"https:\/\/library.ircica.org\/wp-content\/uploads\/2025\/03\/Resim1.png 468w, https:\/\/library.ircica.org\/wp-content\/uploads\/2025\/03\/Resim1-300x188.png 300w\" sizes=\"(max-width: 468px) 100vw, 468px\" \/>\t\t\t\t\t\t\t\t\t\t\t\t\t\t\t<\/div>\n\t\t\t\t<\/div>\n\t\t\t\t<div class=\"elementor-element elementor-element-3816072 elementor-widget elementor-widget-text-editor\" data-id=\"3816072\" data-element_type=\"widget\" data-e-type=\"widget\" data-widget_type=\"text-editor.default\">\n\t\t\t\t<div class=\"elementor-widget-container\">\n\t\t\t\t\t\t\t\t\t<p>K\u00fclt\u00fcrel miras kapsam\u0131nda yer alan t\u00fcm materyallerin korunmas\u0131, gelecek nesillere aktar\u0131lmas\u0131, co\u011frafi ve sosyal s\u0131n\u0131rlardan ba\u011f\u0131ms\u0131z olarak kaynaklara kolay ve h\u0131zl\u0131 eri\u015fimin sa\u011flanmas\u0131 amac\u0131yla IRCICA 2008 y\u0131l\u0131ndan itibaren dijitalle\u015ftirme \u00e7al\u0131\u015fmalar\u0131na ba\u015flam\u0131\u015ft\u0131r.<\/p><p> <\/p><p>Bu \u00e7al\u0131\u015fmalarla; yaz\u0131l\u0131, bas\u0131l\u0131, g\u00f6rsel ve i\u015fitsel materyaller, standartlara uygun taray\u0131c\u0131larla taranarak ve yine uluslararas\u0131 standart ve kurallara uygun olarak \u00fcst verileri haz\u0131rlanarak dijital koleksiyonlar olu\u015fturulmaktad\u0131r. Ayr\u0131ca matbu nadir eserler OCR i\u015fleminden ge\u00e7irildikten sonra okunabilir, d\u00fczeltilebilir ve kolayca yararlan\u0131labilir formatta ara\u015ft\u0131rmac\u0131lara sunulmaktad\u0131r.<\/p><p> <\/p><p>Dijital Koleksiyonlar olu\u015fturulurken \u00f6ncelikle, IRCICA\u2019n\u0131n faaliyet alanlar\u0131na uygun konularda eserler se\u00e7ilmekte ve IRCICA ara\u015ft\u0131rmac\u0131lar\u0131n\u0131n istekleri, eserin fiziksel durumu gibi birtak\u0131m \u00f6zellikler de dikkate al\u0131narak dijital koleksiyonlar\u0131n \u00f6ncelik s\u0131ras\u0131 tespit edilmektedir. Entelekt\u00fcel m\u00fclkiyet ve telif haklar\u0131 ile korunan materyaller, sahiplerinin izni do\u011frultusunda genel kullan\u0131ma a\u00e7\u0131lmaktad\u0131r.<\/p><p> <\/p><p>IRCICA K\u00fct\u00fcphane ve Ar\u015fivi, farkl\u0131 t\u00fcr ve formatlardaki materyallerden olu\u015fan zengin dijital koleksiyonlar\u0131 ile ara\u015ft\u0131rmac\u0131lar\u0131 destekleme bilinci ve sorumlulu\u011funu ta\u015f\u0131yarak, \u00e7al\u0131\u015fma ve projelerini s\u00fcrd\u00fcrmeye devam etmektedir.<\/p>\t\t\t\t\t\t\t\t<\/div>\n\t\t\t\t<\/div>\n\t\t\t\t\t<\/div>\n\t\t\t\t<\/div>\n\t\t<div class=\"elementor-element elementor-element-71a0d71 e-flex e-con-boxed e-con e-parent\" data-id=\"71a0d71\" data-element_type=\"container\" data-e-type=\"container\">\n\t\t\t\t\t<div class=\"e-con-inner\">\n\t\t\t\t<div class=\"elementor-element elementor-element-147686f elementor-widget elementor-widget-penci-featured-boxes\" data-id=\"147686f\" data-element_type=\"widget\" data-e-type=\"widget\" data-settings=\"{&quot;sticky&quot;:&quot;top&quot;,&quot;sticky_on&quot;:[&quot;desktop&quot;,&quot;tablet&quot;,&quot;mobile&quot;],&quot;sticky_offset&quot;:0,&quot;sticky_effects_offset&quot;:0,&quot;sticky_anchor_link_offset&quot;:0}\" data-widget_type=\"penci-featured-boxes.default\">\n\t\t\t\t<div class=\"elementor-widget-container\">\n\t\t\t\t\t        <div class=\"clearfix home-featured-boxes home-featured-boxes-sc home-featured-boxes-vc boxes-size-vertical\">\n            <ul class=\"homepage-featured-boxes boxes-3-columns\">\n\t\t\t\t                        <li class=\"penci-featured-ct  boxes-has-text\">\n\t\t\t\t\t\t\t<a href=\"https:\/\/library.ircica.org\/tr\/arsiv-koleksiyonu\/\">                            <div class=\"penci-fea-in boxes-style-2\">\n\n                                <div  data-bgset=\"https:\/\/library.ircica.org\/wp-content\/uploads\/2025\/03\/Resim12-480x358.jpg\" class=\"penci-lazy fea-box-img penci-image-holder penci-holder-load\">\n\t\t\t\t\t\t\t\t\t                                <\/div>\n\n\n\t\t\t\t\t\t\t\t                                    <h4>\n                                        <span class=\"boxes-text\"><span>\u25b6 AR\u015e\u0130V KOLEKS\u0130YONU<\/span><\/span>\n                                    <\/h4>\n\t\t\t\t\t\t\t\t                            <\/div>\n\t\t\t\t\t\t\t<\/a>                        <\/li>\n\t\t\t\t\t                        <li class=\"penci-featured-ct  boxes-has-text\">\n\t\t\t\t\t\t\t<a href=\"https:\/\/library.ircica.org\/tr\/dijital-koleksiyonlar\/\">                            <div class=\"penci-fea-in boxes-style-2\">\n\n                                <div  data-bgset=\"https:\/\/library.ircica.org\/wp-content\/uploads\/2025\/03\/Resim1.png\" class=\"penci-lazy fea-box-img penci-image-holder penci-holder-load\">\n\t\t\t\t\t\t\t\t\t                                <\/div>\n\n\n\t\t\t\t\t\t\t\t                                    <h4>\n                                        <span class=\"boxes-text\"><span>\u25b6 D\u0130J\u0130TAL KOLEKS\u0130YONLAR<\/span><\/span>\n                                    <\/h4>\n\t\t\t\t\t\t\t\t                            <\/div>\n\t\t\t\t\t\t\t<\/a>                        <\/li>\n\t\t\t\t\t                        <li class=\"penci-featured-ct  boxes-has-text\">\n\t\t\t\t\t\t\t<a href=\"https:\/\/library.ircica.org\/tr\/nadir-eserler-ve-el-yazmalari-koleksiyonu\/\">                            <div class=\"penci-fea-in boxes-style-2\">\n\n                                <div  data-bgset=\"https:\/\/library.ircica.org\/wp-content\/uploads\/2025\/03\/Resim7-480x650.jpg\" class=\"penci-lazy fea-box-img penci-image-holder penci-holder-load\">\n\t\t\t\t\t\t\t\t\t                                <\/div>\n\n\n\t\t\t\t\t\t\t\t                                    <h4>\n                                        <span class=\"boxes-text\"><span>\u25b6 NAD\u0130R ESERLER VE EL YAZMALARI<\/span><\/span>\n                                    <\/h4>\n\t\t\t\t\t\t\t\t                            <\/div>\n\t\t\t\t\t\t\t<\/a>                        <\/li>\n\t\t\t\t\t            <\/ul>\n        <\/div>\n\t\t\t\t\t\t<\/div>\n\t\t\t\t<\/div>\n\t\t\t\t\t<\/div>\n\t\t\t\t<\/div>\n\t\t\t\t<\/div>\n\t\t","protected":false},"excerpt":{"rendered":"<p>Dijital Koleksiyonlar K\u00fclt\u00fcrel miras kapsam\u0131nda yer alan t\u00fcm materyallerin korunmas\u0131, gelecek nesillere aktar\u0131lmas\u0131, co\u011frafi ve sosyal s\u0131n\u0131rlardan ba\u011f\u0131ms\u0131z olarak kaynaklara kolay ve h\u0131zl\u0131 eri\u015fimin sa\u011flanmas\u0131 amac\u0131yla IRCICA 2008 y\u0131l\u0131ndan itibaren&hellip;<\/p>\n","protected":false},"author":2,"featured_media":0,"parent":0,"menu_order":0,"comment_status":"closed","ping_status":"closed","template":"page-fullwidth.php","meta":{"_lmt_disableupdate":"no","_lmt_disable":"","footnotes":""},"class_list":["post-3267","page","type-page","status-publish","hentry"],"_links":{"self":[{"href":"https:\/\/library.ircica.org\/tr\/wp-json\/wp\/v2\/pages\/3267","targetHints":{"allow":["GET"]}}],"collection":[{"href":"https:\/\/library.ircica.org\/tr\/wp-json\/wp\/v2\/pages"}],"about":[{"href":"https:\/\/library.ircica.org\/tr\/wp-json\/wp\/v2\/types\/page"}],"author":[{"embeddable":true,"href":"https:\/\/library.ircica.org\/tr\/wp-json\/wp\/v2\/users\/2"}],"replies":[{"embeddable":true,"href":"https:\/\/library.ircica.org\/tr\/wp-json\/wp\/v2\/comments?post=3267"}],"version-history":[{"count":1,"href":"https:\/\/library.ircica.org\/tr\/wp-json\/wp\/v2\/pages\/3267\/revisions"}],"predecessor-version":[{"id":4150,"href":"https:\/\/library.ircica.org\/tr\/wp-json\/wp\/v2\/pages\/3267\/revisions\/4150"}],"wp:attachment":[{"href":"https:\/\/library.ircica.org\/tr\/wp-json\/wp\/v2\/media?parent=3267"}],"curies":[{"name":"wp","href":"https:\/\/api.w.org\/{rel}","templated":true}]}}