{"id":3271,"date":"2025-05-05T08:05:30","date_gmt":"2025-05-05T05:05:30","guid":{"rendered":"https:\/\/library.ircica.org\/etkinlikler\/"},"modified":"2025-08-19T13:36:51","modified_gmt":"2025-08-19T10:36:51","slug":"etkinlikler","status":"publish","type":"page","link":"https:\/\/library.ircica.org\/tr\/etkinlikler\/","title":{"rendered":"Etkinlikler"},"content":{"rendered":"\t\t<div data-elementor-type=\"wp-page\" data-elementor-id=\"3271\" class=\"elementor elementor-3271 elementor-2951\" data-elementor-post-type=\"page\">\n\t\t\t\t<div class=\"elementor-element elementor-element-140462b e-flex e-con-boxed e-con e-parent\" data-id=\"140462b\" data-element_type=\"container\" data-e-type=\"container\">\n\t\t\t\t\t<div class=\"e-con-inner\">\n\t\t\t\t<div class=\"elementor-element elementor-element-86f9693 elementor-widget elementor-widget-heading\" data-id=\"86f9693\" data-element_type=\"widget\" data-e-type=\"widget\" data-widget_type=\"heading.default\">\n\t\t\t\t<div class=\"elementor-widget-container\">\n\t\t\t\t\t<h2 class=\"elementor-heading-title elementor-size-default\">Etkinlikler<\/h2>\t\t\t\t<\/div>\n\t\t\t\t<\/div>\n\t\t\t\t\t<\/div>\n\t\t\t\t<\/div>\n\t\t<div class=\"elementor-element elementor-element-71d5c25 e-flex e-con-boxed e-con e-parent\" data-id=\"71d5c25\" data-element_type=\"container\" data-e-type=\"container\">\n\t\t\t\t\t<div class=\"e-con-inner\">\n\t\t\t\t<div class=\"elementor-element elementor-element-4061196 elementor-grid-1 elementor-posts--thumbnail-left elementor-grid-tablet-2 elementor-grid-mobile-1 elementor-widget elementor-widget-posts\" data-id=\"4061196\" data-element_type=\"widget\" data-e-type=\"widget\" data-settings=\"{&quot;classic_columns&quot;:&quot;1&quot;,&quot;classic_row_gap&quot;:{&quot;unit&quot;:&quot;px&quot;,&quot;size&quot;:17,&quot;sizes&quot;:[]},&quot;classic_columns_tablet&quot;:&quot;2&quot;,&quot;classic_columns_mobile&quot;:&quot;1&quot;,&quot;classic_row_gap_tablet&quot;:{&quot;unit&quot;:&quot;px&quot;,&quot;size&quot;:&quot;&quot;,&quot;sizes&quot;:[]},&quot;classic_row_gap_mobile&quot;:{&quot;unit&quot;:&quot;px&quot;,&quot;size&quot;:&quot;&quot;,&quot;sizes&quot;:[]}}\" data-widget_type=\"posts.classic\">\n\t\t\t\t<div class=\"elementor-widget-container\">\n\t\t\t\t\t\t\t<div class=\"elementor-posts-container elementor-posts elementor-posts--skin-classic elementor-grid\" role=\"list\">\n\t\t\t\t<article class=\"elementor-post elementor-grid-item post-4978 post type-post status-publish format-standard has-post-thumbnail hentry category-etkinlikler-tr\" role=\"listitem\">\n\t\t\t\t<a class=\"elementor-post__thumbnail__link\" href=\"https:\/\/library.ircica.org\/tr\/2026\/04\/09\/62-kutuphane-haftasi\/\" tabindex=\"-1\" >\n\t\t\t<div class=\"elementor-post__thumbnail\"><img fetchpriority=\"high\" decoding=\"async\" width=\"2560\" height=\"908\" src=\"https:\/\/library.ircica.org\/wp-content\/uploads\/2026\/04\/DSC_9106-scaled.jpg\" class=\"attachment-full size-full wp-image-4950\" alt=\"\" srcset=\"https:\/\/library.ircica.org\/wp-content\/uploads\/2026\/04\/DSC_9106-scaled.jpg 2560w, https:\/\/library.ircica.org\/wp-content\/uploads\/2026\/04\/DSC_9106-300x106.jpg 300w, https:\/\/library.ircica.org\/wp-content\/uploads\/2026\/04\/DSC_9106-1024x363.jpg 1024w, https:\/\/library.ircica.org\/wp-content\/uploads\/2026\/04\/DSC_9106-768x272.jpg 768w, https:\/\/library.ircica.org\/wp-content\/uploads\/2026\/04\/DSC_9106-1536x545.jpg 1536w, https:\/\/library.ircica.org\/wp-content\/uploads\/2026\/04\/DSC_9106-2048x726.jpg 2048w, https:\/\/library.ircica.org\/wp-content\/uploads\/2026\/04\/DSC_9106-1920x681.jpg 1920w, https:\/\/library.ircica.org\/wp-content\/uploads\/2026\/04\/DSC_9106-1170x415.jpg 1170w, https:\/\/library.ircica.org\/wp-content\/uploads\/2026\/04\/DSC_9106-585x207.jpg 585w\" sizes=\"(max-width: 2560px) 100vw, 2560px\" \/><\/div>\n\t\t<\/a>\n\t\t\t\t<div class=\"elementor-post__text\">\n\t\t\t\t<h3 class=\"elementor-post__title\">\n\t\t\t<a href=\"https:\/\/library.ircica.org\/tr\/2026\/04\/09\/62-kutuphane-haftasi\/\" >\n\t\t\t\t62. K\u00fct\u00fcphane Haftas\u0131\t\t\t<\/a>\n\t\t<\/h3>\n\t\t\t\t<div class=\"elementor-post__excerpt\">\n\t\t\t<p>62. K\u00fct\u00fcphane Haftas\u0131 kapsam\u0131nda IRCICA ara\u015ft\u0131rmac\u0131lar\u0131 i\u00e7in d\u00fczenlenen \u201cIRCICA K\u00fct\u00fcphane ve Ar\u015fiv Programlar\u0131, Kullan\u0131mlar\u0131 ve Ara\u015ft\u0131rma Teknikleri\u201d konulu Bilgilendirme Toplant\u0131s\u0131 31 Mart 2026&#8217;da ger\u00e7ekle\u015ftirildi<\/p>\n\t\t<\/div>\n\t\t\n\t\t<a class=\"elementor-post__read-more\" href=\"https:\/\/library.ircica.org\/tr\/2026\/04\/09\/62-kutuphane-haftasi\/\" aria-label=\"Read more about 62. K\u00fct\u00fcphane Haftas\u0131\" tabindex=\"-1\" >\n\t\t\tDevam\u0131n\u0131 Oku\u00bb\t\t<\/a>\n\n\t\t\t\t<\/div>\n\t\t\t\t<\/article>\n\t\t\t\t<article class=\"elementor-post elementor-grid-item post-4620 post type-post status-publish format-standard has-post-thumbnail hentry category-etkinlikler-tr\" role=\"listitem\">\n\t\t\t\t<a class=\"elementor-post__thumbnail__link\" href=\"https:\/\/library.ircica.org\/tr\/2025\/12\/26\/ircica-arsivindeki-koleksiyonlar-trt-programlarinda-tanitildi\/\" tabindex=\"-1\" >\n\t\t\t<div class=\"elementor-post__thumbnail\"><img decoding=\"async\" width=\"1170\" height=\"658\" src=\"https:\/\/library.ircica.org\/wp-content\/uploads\/2025\/12\/turkish-radio-and-television-trt-broadcasts-on-collections-in-the-ircicas-archive-1170x658-1.jpg\" class=\"attachment-full size-full wp-image-4618\" alt=\"\" srcset=\"https:\/\/library.ircica.org\/wp-content\/uploads\/2025\/12\/turkish-radio-and-television-trt-broadcasts-on-collections-in-the-ircicas-archive-1170x658-1.jpg 1170w, https:\/\/library.ircica.org\/wp-content\/uploads\/2025\/12\/turkish-radio-and-television-trt-broadcasts-on-collections-in-the-ircicas-archive-1170x658-1-300x169.jpg 300w, https:\/\/library.ircica.org\/wp-content\/uploads\/2025\/12\/turkish-radio-and-television-trt-broadcasts-on-collections-in-the-ircicas-archive-1170x658-1-1024x576.jpg 1024w, https:\/\/library.ircica.org\/wp-content\/uploads\/2025\/12\/turkish-radio-and-television-trt-broadcasts-on-collections-in-the-ircicas-archive-1170x658-1-768x432.jpg 768w, https:\/\/library.ircica.org\/wp-content\/uploads\/2025\/12\/turkish-radio-and-television-trt-broadcasts-on-collections-in-the-ircicas-archive-1170x658-1-585x329.jpg 585w\" sizes=\"(max-width: 1170px) 100vw, 1170px\" \/><\/div>\n\t\t<\/a>\n\t\t\t\t<div class=\"elementor-post__text\">\n\t\t\t\t<h3 class=\"elementor-post__title\">\n\t\t\t<a href=\"https:\/\/library.ircica.org\/tr\/2025\/12\/26\/ircica-arsivindeki-koleksiyonlar-trt-programlarinda-tanitildi\/\" >\n\t\t\t\tIRCICA ar\u015fivindeki koleksiyonlar TRT programlar\u0131nda tan\u0131t\u0131ld\u0131\t\t\t<\/a>\n\t\t<\/h3>\n\t\t\t\t<div class=\"elementor-post__excerpt\">\n\t\t\t<p>IRCICA, ar\u015fivinde bulunan de\u011ferli tarihi foto\u011fraf ve nadir materyal koleksiyonlar\u0131n\u0131 kademeli olarak dijital formatta eri\u015fime a\u00e7arak d\u00fcnya \u00e7ap\u0131nda ilgililerin istifadesine sunuyor. Bu konuda TRT taraf\u0131ndan haz\u0131rlanan iki ayr\u0131 belgesel film<\/p>\n\t\t<\/div>\n\t\t\n\t\t<a class=\"elementor-post__read-more\" href=\"https:\/\/library.ircica.org\/tr\/2025\/12\/26\/ircica-arsivindeki-koleksiyonlar-trt-programlarinda-tanitildi\/\" aria-label=\"Read more about IRCICA ar\u015fivindeki koleksiyonlar TRT programlar\u0131nda tan\u0131t\u0131ld\u0131\" tabindex=\"-1\" >\n\t\t\tDevam\u0131n\u0131 Oku\u00bb\t\t<\/a>\n\n\t\t\t\t<\/div>\n\t\t\t\t<\/article>\n\t\t\t\t<article class=\"elementor-post elementor-grid-item post-4446 post type-post status-publish format-standard has-post-thumbnail hentry category-etkinlikler-tr\" role=\"listitem\">\n\t\t\t\t<a class=\"elementor-post__thumbnail__link\" href=\"https:\/\/library.ircica.org\/tr\/2025\/09\/24\/nuri-arlasezle-hatiralar-ve-ircicadaki-koleksiyonu\/\" tabindex=\"-1\" >\n\t\t\t<div class=\"elementor-post__thumbnail\"><img decoding=\"async\" width=\"1080\" height=\"1080\" src=\"https:\/\/library.ircica.org\/wp-content\/uploads\/2025\/09\/WhatsApp-Image-2025-09-24-at-09.44.20.jpeg\" class=\"attachment-full size-full wp-image-4447\" alt=\"\" srcset=\"https:\/\/library.ircica.org\/wp-content\/uploads\/2025\/09\/WhatsApp-Image-2025-09-24-at-09.44.20.jpeg 1080w, https:\/\/library.ircica.org\/wp-content\/uploads\/2025\/09\/WhatsApp-Image-2025-09-24-at-09.44.20-300x300.jpeg 300w, https:\/\/library.ircica.org\/wp-content\/uploads\/2025\/09\/WhatsApp-Image-2025-09-24-at-09.44.20-1024x1024.jpeg 1024w, https:\/\/library.ircica.org\/wp-content\/uploads\/2025\/09\/WhatsApp-Image-2025-09-24-at-09.44.20-150x150.jpeg 150w, https:\/\/library.ircica.org\/wp-content\/uploads\/2025\/09\/WhatsApp-Image-2025-09-24-at-09.44.20-768x768.jpeg 768w, https:\/\/library.ircica.org\/wp-content\/uploads\/2025\/09\/WhatsApp-Image-2025-09-24-at-09.44.20-585x585.jpeg 585w\" sizes=\"(max-width: 1080px) 100vw, 1080px\" \/><\/div>\n\t\t<\/a>\n\t\t\t\t<div class=\"elementor-post__text\">\n\t\t\t\t<h3 class=\"elementor-post__title\">\n\t\t\t<a href=\"https:\/\/library.ircica.org\/tr\/2025\/09\/24\/nuri-arlasezle-hatiralar-ve-ircicadaki-koleksiyonu\/\" >\n\t\t\t\tNUR\u0130 ARLASEZ&#8217;LE HATIRALAR VE IRCICA&#8217;DAK\u0130 KOLEKS\u0130YONU\t\t\t<\/a>\n\t\t<\/h3>\n\t\t\t\t<div class=\"elementor-post__excerpt\">\n\t\t\t<p>NUR\u0130 ARLASEZ&#8217;LE HATIRALAR VE IRCICA&#8217;DAK\u0130 KOLEKS\u0130YONU<\/p>\n\t\t<\/div>\n\t\t\n\t\t<a class=\"elementor-post__read-more\" href=\"https:\/\/library.ircica.org\/tr\/2025\/09\/24\/nuri-arlasezle-hatiralar-ve-ircicadaki-koleksiyonu\/\" aria-label=\"Read more about NUR\u0130 ARLASEZ&#8217;LE HATIRALAR VE IRCICA&#8217;DAK\u0130 KOLEKS\u0130YONU\" tabindex=\"-1\" >\n\t\t\tDevam\u0131n\u0131 Oku\u00bb\t\t<\/a>\n\n\t\t\t\t<\/div>\n\t\t\t\t<\/article>\n\t\t\t\t<article class=\"elementor-post elementor-grid-item post-3255 post type-post status-publish format-standard has-post-thumbnail hentry category-etkinlikler-tr\" role=\"listitem\">\n\t\t\t\t<a class=\"elementor-post__thumbnail__link\" href=\"https:\/\/library.ircica.org\/tr\/2025\/05\/05\/research-data-management-and-librarians\/\" tabindex=\"-1\" >\n\t\t\t<div class=\"elementor-post__thumbnail\"><img loading=\"lazy\" decoding=\"async\" width=\"1080\" height=\"1147\" src=\"https:\/\/library.ircica.org\/wp-content\/uploads\/2025\/05\/1.jpg\" class=\"attachment-full size-full wp-image-3247\" alt=\"\" srcset=\"https:\/\/library.ircica.org\/wp-content\/uploads\/2025\/05\/1.jpg 1080w, https:\/\/library.ircica.org\/wp-content\/uploads\/2025\/05\/1-282x300.jpg 282w, https:\/\/library.ircica.org\/wp-content\/uploads\/2025\/05\/1-964x1024.jpg 964w, https:\/\/library.ircica.org\/wp-content\/uploads\/2025\/05\/1-768x816.jpg 768w, https:\/\/library.ircica.org\/wp-content\/uploads\/2025\/05\/1-585x621.jpg 585w\" sizes=\"(max-width: 1080px) 100vw, 1080px\" \/><\/div>\n\t\t<\/a>\n\t\t\t\t<div class=\"elementor-post__text\">\n\t\t\t\t<h3 class=\"elementor-post__title\">\n\t\t\t<a href=\"https:\/\/library.ircica.org\/tr\/2025\/05\/05\/research-data-management-and-librarians\/\" >\n\t\t\t\tAra\u015ft\u0131rma Veri Y\u00f6netimi ve K\u00fct\u00fcphaneciler\t\t\t<\/a>\n\t\t<\/h3>\n\t\t\t\t<div class=\"elementor-post__excerpt\">\n\t\t\t<p>IRCICA ve \u00d6zbekistan \u0130mam Buhari Uluslararas\u0131 Bilimsel Ara\u015ft\u0131rma Merkezi taraf\u0131ndan d\u00fczenlenen ortak \u00e7evrimi\u00e7i seminerler dizisinde bu haftan\u0131n konuk konu\u015fmac\u0131s\u0131 IRCICA K\u00fct\u00fcphane ve Ar\u015fiv Ba\u015fkan\u0131 Dr. Didar Bay\u0131r, \u201cAra\u015ft\u0131rma Verilerinin Y\u00f6netimi<\/p>\n\t\t<\/div>\n\t\t\n\t\t<a class=\"elementor-post__read-more\" href=\"https:\/\/library.ircica.org\/tr\/2025\/05\/05\/research-data-management-and-librarians\/\" aria-label=\"Read more about Ara\u015ft\u0131rma Veri Y\u00f6netimi ve K\u00fct\u00fcphaneciler\" tabindex=\"-1\" >\n\t\t\tDevam\u0131n\u0131 Oku\u00bb\t\t<\/a>\n\n\t\t\t\t<\/div>\n\t\t\t\t<\/article>\n\t\t\t\t<\/div>\n\t\t\n\t\t\t\t\t\t<\/div>\n\t\t\t\t<\/div>\n\t\t\t\t\t<\/div>\n\t\t\t\t<\/div>\n\t\t\t\t<\/div>\n\t\t","protected":false},"excerpt":{"rendered":"<p>Etkinlikler<\/p>\n","protected":false},"author":2,"featured_media":0,"parent":0,"menu_order":0,"comment_status":"closed","ping_status":"closed","template":"","meta":{"_lmt_disableupdate":"no","_lmt_disable":"","footnotes":""},"class_list":["post-3271","page","type-page","status-publish","hentry"],"_links":{"self":[{"href":"https:\/\/library.ircica.org\/tr\/wp-json\/wp\/v2\/pages\/3271","targetHints":{"allow":["GET"]}}],"collection":[{"href":"https:\/\/library.ircica.org\/tr\/wp-json\/wp\/v2\/pages"}],"about":[{"href":"https:\/\/library.ircica.org\/tr\/wp-json\/wp\/v2\/types\/page"}],"author":[{"embeddable":true,"href":"https:\/\/library.ircica.org\/tr\/wp-json\/wp\/v2\/users\/2"}],"replies":[{"embeddable":true,"href":"https:\/\/library.ircica.org\/tr\/wp-json\/wp\/v2\/comments?post=3271"}],"version-history":[{"count":1,"href":"https:\/\/library.ircica.org\/tr\/wp-json\/wp\/v2\/pages\/3271\/revisions"}],"predecessor-version":[{"id":3272,"href":"https:\/\/library.ircica.org\/tr\/wp-json\/wp\/v2\/pages\/3271\/revisions\/3272"}],"wp:attachment":[{"href":"https:\/\/library.ircica.org\/tr\/wp-json\/wp\/v2\/media?parent=3271"}],"curies":[{"name":"wp","href":"https:\/\/api.w.org\/{rel}","templated":true}]}}