{"id":3275,"date":"2025-03-17T08:49:15","date_gmt":"2025-03-17T05:49:15","guid":{"rendered":"https:\/\/library.ircica.org\/fotokopi-ve-tarama-hizmetleri\/"},"modified":"2025-08-21T11:51:23","modified_gmt":"2025-08-21T08:51:23","slug":"fotokopi-ve-tarama-hizmetleri","status":"publish","type":"page","link":"https:\/\/library.ircica.org\/tr\/fotokopi-ve-tarama-hizmetleri\/","title":{"rendered":"Fotokopi ve Tarama Hizmetleri"},"content":{"rendered":"\t\t<div data-elementor-type=\"wp-page\" data-elementor-id=\"3275\" class=\"elementor elementor-3275 elementor-1550\" data-elementor-post-type=\"page\">\n\t\t\t\t<div class=\"elementor-element elementor-element-9fb6eed e-flex e-con-boxed e-con e-parent\" data-id=\"9fb6eed\" data-element_type=\"container\" data-e-type=\"container\">\n\t\t\t\t\t<div class=\"e-con-inner\">\n\t\t\t\t<div class=\"elementor-element elementor-element-193f909 elementor-widget elementor-widget-heading\" data-id=\"193f909\" data-element_type=\"widget\" data-e-type=\"widget\" data-widget_type=\"heading.default\">\n\t\t\t\t<div class=\"elementor-widget-container\">\n\t\t\t\t\t<h2 class=\"elementor-heading-title elementor-size-default\">Fotokopi ve Tarama Hizmetleri<\/h2>\t\t\t\t<\/div>\n\t\t\t\t<\/div>\n\t\t\t\t<div class=\"elementor-element elementor-element-455f786 elementor-widget elementor-widget-text-editor\" data-id=\"455f786\" data-element_type=\"widget\" data-e-type=\"widget\" data-widget_type=\"text-editor.default\">\n\t\t\t\t<div class=\"elementor-widget-container\">\n\t\t\t\t\t\t\t\t\t<p>\u00a0<\/p><p>5846 Say\u0131l\u0131 Fikir ve Sanat Eserleri Kanunu\u2019na ayk\u0131r\u0131 olmamak ko\u015fuluyla IRCICA K\u00fct\u00fcphane ve Ar\u015fiv kaynaklar\u0131ndan yararlanmak isteyenlere fotokopi \/ tarama hizmeti verilmektedir.<\/p><p>\u00a0<\/p><p>E\u011fitim ve \u00f6\u011fretim amac\u0131 ile adil ve d\u00fcr\u00fcst kullan\u0131m (telif hakk\u0131 sahibinin \u00e7\u0131karlar\u0131na zarar vermeden eseri kullanma) do\u011frultusunda; bir kitab\u0131n %10\u2019u ya da bir b\u00f6l\u00fcm\u00fcn\u00fcn tamam\u0131 \u00e7o\u011falt\u0131labilmektedir. Bir derginin bir say\u0131s\u0131ndan ise sadece bir makalenin tamam\u0131 al\u0131nabilmektedir.<\/p><p>\u00a0<\/p><p>G\u00f6rsel-i\u015fitsel materyaller telif haklar\u0131 nedeniyle \u00e7o\u011falt\u0131lamamaktad\u0131r.<\/p><p>\u00a0<\/p><p>K\u00fct\u00fcphane ve Ar\u015fivdeki baz\u0131 kaynaklar\u0131n kullan\u0131m\u0131 ba\u011f\u0131\u015f\u00e7\u0131s\u0131n\u0131n iste\u011fi ile s\u0131n\u0131rland\u0131r\u0131lm\u0131\u015ft\u0131r.<\/p><p>\u00a0<\/p><p>Olu\u015fabilecek ihlallerden ve yasa d\u0131\u015f\u0131 \u00e7o\u011faltma i\u015flemlerinden kullan\u0131c\u0131 \u015fahsen sorumludur.<\/p><p>\u00a0<\/p><p>Fotokopi ve tarama hizmet ve \u00fccretleri hakk\u0131nda bilgi library@ircica.org adresinden al\u0131nabilir.<\/p>\t\t\t\t\t\t\t\t<\/div>\n\t\t\t\t<\/div>\n\t\t\t\t<div class=\"elementor-element elementor-element-9541806 elementor-widget-divider--view-line_text elementor-widget-divider--element-align-center elementor-widget elementor-widget-divider\" data-id=\"9541806\" data-element_type=\"widget\" data-e-type=\"widget\" data-widget_type=\"divider.default\">\n\t\t\t\t<div class=\"elementor-widget-container\">\n\t\t\t\t\t\t\t<div class=\"elementor-divider\">\n\t\t\t<span class=\"elementor-divider-separator\">\n\t\t\t\t\t\t\t<span class=\"elementor-divider__text elementor-divider__element\">\n\t\t\t\tIRCICA\t\t\t\t<\/span>\n\t\t\t\t\t\t<\/span>\n\t\t<\/div>\n\t\t\t\t\t\t<\/div>\n\t\t\t\t<\/div>\n\t\t\t\t\t<\/div>\n\t\t\t\t<\/div>\n\t\t\t\t<\/div>\n\t\t","protected":false},"excerpt":{"rendered":"<p>Fotokopi ve Tarama Hizmetleri \u00a0 5846 Say\u0131l\u0131 Fikir ve Sanat Eserleri Kanunu\u2019na ayk\u0131r\u0131 olmamak ko\u015fuluyla IRCICA K\u00fct\u00fcphane ve Ar\u015fiv kaynaklar\u0131ndan yararlanmak isteyenlere fotokopi \/ tarama hizmeti verilmektedir. \u00a0 E\u011fitim ve&hellip;<\/p>\n","protected":false},"author":2,"featured_media":0,"parent":0,"menu_order":0,"comment_status":"closed","ping_status":"closed","template":"page-fullwidth.php","meta":{"_lmt_disableupdate":"no","_lmt_disable":"","footnotes":""},"class_list":["post-3275","page","type-page","status-publish","hentry"],"_links":{"self":[{"href":"https:\/\/library.ircica.org\/tr\/wp-json\/wp\/v2\/pages\/3275","targetHints":{"allow":["GET"]}}],"collection":[{"href":"https:\/\/library.ircica.org\/tr\/wp-json\/wp\/v2\/pages"}],"about":[{"href":"https:\/\/library.ircica.org\/tr\/wp-json\/wp\/v2\/types\/page"}],"author":[{"embeddable":true,"href":"https:\/\/library.ircica.org\/tr\/wp-json\/wp\/v2\/users\/2"}],"replies":[{"embeddable":true,"href":"https:\/\/library.ircica.org\/tr\/wp-json\/wp\/v2\/comments?post=3275"}],"version-history":[{"count":1,"href":"https:\/\/library.ircica.org\/tr\/wp-json\/wp\/v2\/pages\/3275\/revisions"}],"predecessor-version":[{"id":4196,"href":"https:\/\/library.ircica.org\/tr\/wp-json\/wp\/v2\/pages\/3275\/revisions\/4196"}],"wp:attachment":[{"href":"https:\/\/library.ircica.org\/tr\/wp-json\/wp\/v2\/media?parent=3275"}],"curies":[{"name":"wp","href":"https:\/\/api.w.org\/{rel}","templated":true}]}}