{"id":3284,"date":"2025-03-17T08:45:04","date_gmt":"2025-03-17T05:45:04","guid":{"rendered":"https:\/\/library.ircica.org\/koleksiyonlar\/"},"modified":"2026-03-30T15:38:53","modified_gmt":"2026-03-30T12:38:53","slug":"koleksiyonlar","status":"publish","type":"page","link":"https:\/\/library.ircica.org\/tr\/koleksiyonlar\/","title":{"rendered":"Koleksiyonlar"},"content":{"rendered":"\t\t<div data-elementor-type=\"wp-page\" data-elementor-id=\"3284\" class=\"elementor elementor-3284 elementor-1540\" data-elementor-post-type=\"page\">\n\t\t\t\t<div class=\"elementor-element elementor-element-6243cd5 e-flex e-con-boxed e-con e-parent\" data-id=\"6243cd5\" data-element_type=\"container\" data-e-type=\"container\">\n\t\t\t\t\t<div class=\"e-con-inner\">\n\t\t\t\t<div class=\"elementor-element elementor-element-01c12dd elementor-widget elementor-widget-heading\" data-id=\"01c12dd\" data-element_type=\"widget\" data-e-type=\"widget\" data-widget_type=\"heading.default\">\n\t\t\t\t<div class=\"elementor-widget-container\">\n\t\t\t\t\t<h2 class=\"elementor-heading-title elementor-size-default\">Genel Bilgi<\/h2>\t\t\t\t<\/div>\n\t\t\t\t<\/div>\n\t\t\t\t<div class=\"elementor-element elementor-element-7cdedde elementor-widget elementor-widget-text-editor\" data-id=\"7cdedde\" data-element_type=\"widget\" data-e-type=\"widget\" data-widget_type=\"text-editor.default\">\n\t\t\t\t<div class=\"elementor-widget-container\">\n\t\t\t\t\t\t\t\t\t<p>IRCICA K\u00fct\u00fcphane ve Ar\u015fiv koleksiyonu; kitap, s\u00fcreli yay\u0131n, ayr\u0131 bas\u0131m ve gri yay\u0131nlar\u0131n yan\u0131 s\u0131ra, dijital ortama aktar\u0131lma \u00e7al\u0131\u015fmalar\u0131 s\u00fcren yazma ve nadir eserler ile \u00e7e\u015fitli formattaki yaz\u0131l\u0131\/bas\u0131l\u0131 belgeler, g\u00f6rsel-i\u015fitsel materyaller, haritalar vd. materyallerinden olu\u015fmaktad\u0131r.<\/p><p>\u00a0<\/p><p>Sat\u0131n alma, de\u011fi\u015fim ve ba\u011f\u0131\u015f yoluyla her ge\u00e7en g\u00fcn geni\u015fleyen koleksiyon, \u0130sl\u00e2m medeniyeti ve M\u00fcsl\u00fcman milletlerle ilgili olmak \u00fczere \u00f6zellikle tarih, co\u011frafya, bilim, sanat, din, edebiyat ve felsefe konular\u0131nda yo\u011funla\u015fm\u0131\u015f eserleri ihtiva etmektedir. Koleksiyonda T\u00fcrk\u00e7e, Arap\u00e7a, \u0130ngilizce, Frans\u0131zca, Fars\u00e7a ve Almancan\u0131n yan\u0131 s\u0131ra Swahili, Zulu gibi az bilinen dillerde de eserler bulunmaktad\u0131r.<\/p><p>\u00a0<\/p><p>K\u00fct\u00fcphane katalo\u011funa ula\u015fmak i\u00e7in <a href=\"https:\/\/elibrary.ircica.org\/Biblio\/SearchResult?HasDigital=&amp;KeyField=SearchKeyword&amp;SearchKeyword=\">t\u0131klay\u0131n\u0131z<\/a><\/p>\t\t\t\t\t\t\t\t<\/div>\n\t\t\t\t<\/div>\n\t\t\t\t\t<\/div>\n\t\t\t\t<\/div>\n\t\t<div class=\"elementor-element elementor-element-476ccfc e-flex e-con-boxed e-con e-parent\" data-id=\"476ccfc\" data-element_type=\"container\" data-e-type=\"container\">\n\t\t\t\t\t<div class=\"e-con-inner\">\n\t\t<div class=\"elementor-element elementor-element-55af6c8 e-con-full e-flex e-con e-child\" data-id=\"55af6c8\" data-element_type=\"container\" data-e-type=\"container\">\n\t\t\t\t<div class=\"elementor-element elementor-element-4439696 elementor-widget elementor-widget-image\" data-id=\"4439696\" data-element_type=\"widget\" data-e-type=\"widget\" data-widget_type=\"image.default\">\n\t\t\t\t<div class=\"elementor-widget-container\">\n\t\t\t\t\t\t\t\t\t\t\t\t\t\t\t\t<a href=\"https:\/\/openaccess.ircica.org\/home\">\n\t\t\t\t\t\t\t<img decoding=\"async\" src=\"https:\/\/library.ircica.org\/wp-content\/uploads\/elementor\/thumbs\/site2-rl9p98q3d0qphjjtwobrs911t9ort0txv1nw6fz2tc.png\" title=\"site2\" alt=\"site2\" loading=\"lazy\" \/>\t\t\t\t\t\t\t\t<\/a>\n\t\t\t\t\t\t\t\t\t\t\t\t\t\t\t<\/div>\n\t\t\t\t<\/div>\n\t\t\t\t<\/div>\n\t\t<div class=\"elementor-element elementor-element-65dbfaf e-con-full e-flex e-con e-child\" data-id=\"65dbfaf\" data-element_type=\"container\" data-e-type=\"container\">\n\t\t\t\t<div class=\"elementor-element elementor-element-7d36ff4 elementor-widget elementor-widget-image\" data-id=\"7d36ff4\" data-element_type=\"widget\" data-e-type=\"widget\" data-widget_type=\"image.default\">\n\t\t\t\t<div class=\"elementor-widget-container\">\n\t\t\t\t\t\t\t\t\t\t\t\t\t\t\t\t<a href=\"https:\/\/elibrary.ircica.org\/Biblio\/SearchResult?HasDigital=&#038;KeyField=SearchKeyword&#038;SearchKeyword=\">\n\t\t\t\t\t\t\t<img fetchpriority=\"high\" decoding=\"async\" width=\"1024\" height=\"404\" src=\"https:\/\/library.ircica.org\/wp-content\/uploads\/2026\/03\/Ekran-Goruntusu-2026-03-30-15-24-54-1024x404.png\" class=\"attachment-large size-large wp-image-4861\" alt=\"\" srcset=\"https:\/\/library.ircica.org\/wp-content\/uploads\/2026\/03\/Ekran-Goruntusu-2026-03-30-15-24-54-1024x404.png 1024w, https:\/\/library.ircica.org\/wp-content\/uploads\/2026\/03\/Ekran-Goruntusu-2026-03-30-15-24-54-300x118.png 300w, https:\/\/library.ircica.org\/wp-content\/uploads\/2026\/03\/Ekran-Goruntusu-2026-03-30-15-24-54-768x303.png 768w, https:\/\/library.ircica.org\/wp-content\/uploads\/2026\/03\/Ekran-Goruntusu-2026-03-30-15-24-54-1170x462.png 1170w, https:\/\/library.ircica.org\/wp-content\/uploads\/2026\/03\/Ekran-Goruntusu-2026-03-30-15-24-54-585x231.png 585w, https:\/\/library.ircica.org\/wp-content\/uploads\/2026\/03\/Ekran-Goruntusu-2026-03-30-15-24-54.png 1172w\" sizes=\"(max-width: 1024px) 100vw, 1024px\" \/>\t\t\t\t\t\t\t\t<\/a>\n\t\t\t\t\t\t\t\t\t\t\t\t\t\t\t<\/div>\n\t\t\t\t<\/div>\n\t\t\t\t<\/div>\n\t\t\t\t\t<\/div>\n\t\t\t\t<\/div>\n\t\t<div class=\"elementor-element elementor-element-1424420 e-flex e-con-boxed e-con e-parent\" data-id=\"1424420\" data-element_type=\"container\" data-e-type=\"container\">\n\t\t\t\t\t<div class=\"e-con-inner\">\n\t\t\t\t<div class=\"elementor-element elementor-element-8b530db elementor-widget-divider--view-line_text elementor-widget-divider--element-align-center elementor-widget elementor-widget-divider\" data-id=\"8b530db\" data-element_type=\"widget\" data-e-type=\"widget\" data-widget_type=\"divider.default\">\n\t\t\t\t<div class=\"elementor-widget-container\">\n\t\t\t\t\t\t\t<div class=\"elementor-divider\">\n\t\t\t<span class=\"elementor-divider-separator\">\n\t\t\t\t\t\t\t<span class=\"elementor-divider__text elementor-divider__element\">\n\t\t\t\tIRCICA\t\t\t\t<\/span>\n\t\t\t\t\t\t<\/span>\n\t\t<\/div>\n\t\t\t\t\t\t<\/div>\n\t\t\t\t<\/div>\n\t\t\t\t\t<\/div>\n\t\t\t\t<\/div>\n\t\t\t\t<\/div>\n\t\t","protected":false},"excerpt":{"rendered":"<p>Genel Bilgi IRCICA K\u00fct\u00fcphane ve Ar\u015fiv koleksiyonu; kitap, s\u00fcreli yay\u0131n, ayr\u0131 bas\u0131m ve gri yay\u0131nlar\u0131n yan\u0131 s\u0131ra, dijital ortama aktar\u0131lma \u00e7al\u0131\u015fmalar\u0131 s\u00fcren yazma ve nadir eserler ile \u00e7e\u015fitli formattaki yaz\u0131l\u0131\/bas\u0131l\u0131&hellip;<\/p>\n","protected":false},"author":2,"featured_media":0,"parent":0,"menu_order":0,"comment_status":"closed","ping_status":"closed","template":"page-fullwidth.php","meta":{"_lmt_disableupdate":"no","_lmt_disable":"","footnotes":""},"class_list":["post-3284","page","type-page","status-publish","hentry"],"_links":{"self":[{"href":"https:\/\/library.ircica.org\/tr\/wp-json\/wp\/v2\/pages\/3284","targetHints":{"allow":["GET"]}}],"collection":[{"href":"https:\/\/library.ircica.org\/tr\/wp-json\/wp\/v2\/pages"}],"about":[{"href":"https:\/\/library.ircica.org\/tr\/wp-json\/wp\/v2\/types\/page"}],"author":[{"embeddable":true,"href":"https:\/\/library.ircica.org\/tr\/wp-json\/wp\/v2\/users\/2"}],"replies":[{"embeddable":true,"href":"https:\/\/library.ircica.org\/tr\/wp-json\/wp\/v2\/comments?post=3284"}],"version-history":[{"count":7,"href":"https:\/\/library.ircica.org\/tr\/wp-json\/wp\/v2\/pages\/3284\/revisions"}],"predecessor-version":[{"id":4897,"href":"https:\/\/library.ircica.org\/tr\/wp-json\/wp\/v2\/pages\/3284\/revisions\/4897"}],"wp:attachment":[{"href":"https:\/\/library.ircica.org\/tr\/wp-json\/wp\/v2\/media?parent=3284"}],"curies":[{"name":"wp","href":"https:\/\/api.w.org\/{rel}","templated":true}]}}