{"id":3286,"date":"2025-03-17T08:47:07","date_gmt":"2025-03-17T05:47:07","guid":{"rendered":"https:\/\/library.ircica.org\/koleksiyonlara-erisim-ve-kullanim\/"},"modified":"2026-03-30T15:49:37","modified_gmt":"2026-03-30T12:49:37","slug":"koleksiyonlara-erisim-ve-kullanim","status":"publish","type":"page","link":"https:\/\/library.ircica.org\/tr\/koleksiyonlara-erisim-ve-kullanim\/","title":{"rendered":"Koleksiyonlara Eri\u015fim ve Kullan\u0131m"},"content":{"rendered":"\t\t<div data-elementor-type=\"wp-page\" data-elementor-id=\"3286\" class=\"elementor elementor-3286 elementor-1544\" data-elementor-post-type=\"page\">\n\t\t\t\t<div class=\"elementor-element elementor-element-ea28b87 e-flex e-con-boxed e-con e-parent\" data-id=\"ea28b87\" data-element_type=\"container\" data-e-type=\"container\">\n\t\t\t\t\t<div class=\"e-con-inner\">\n\t\t\t\t<div class=\"elementor-element elementor-element-33d2370 elementor-widget elementor-widget-heading\" data-id=\"33d2370\" data-element_type=\"widget\" data-e-type=\"widget\" data-widget_type=\"heading.default\">\n\t\t\t\t<div class=\"elementor-widget-container\">\n\t\t\t\t\t<h2 class=\"elementor-heading-title elementor-size-default\">Koleksiyonlara Eri\u015fim ve Kullan\u0131m<\/h2>\t\t\t\t<\/div>\n\t\t\t\t<\/div>\n\t\t\t\t<div class=\"elementor-element elementor-element-ff86c28 elementor-widget elementor-widget-text-editor\" data-id=\"ff86c28\" data-element_type=\"widget\" data-e-type=\"widget\" data-widget_type=\"text-editor.default\">\n\t\t\t\t<div class=\"elementor-widget-container\">\n\t\t\t\t\t\t\t\t\t<p>Koleksiyonda yer alan kitaplar a\u00e7\u0131k raf d\u00fczeninde, DEWEY Onlu S\u0131n\u0131flama Sistemi\u2019ne g\u00f6re IRCICA K\u00fct\u00fcphane ve Ar\u015fiv binas\u0131nda iki kata yerle\u015ftirilmi\u015ftir.<\/p><p>\u00a0<\/p><ol><li>KAT: Genel konular, felsefe &amp; psikoloji, din, sosyal bilimler, dil &amp; dilbilim, do\u011fa bilimleri, teknoloji (tasnif numaras\u0131na g\u00f6re 000-600 aral\u0131\u011f\u0131ndaki kitaplar)<\/li><li>KAT: Sanat, edebiyat, tarih &amp; co\u011frafya (tasnif numaras\u0131na g\u00f6re 700-999 aral\u0131\u011f\u0131ndaki kitaplar)<\/li><\/ol><p>Koleksiyonda yer alan dan\u0131\u015fma kaynaklar\u0131, nadir eserler ve b\u00fcy\u00fck boy kitaplar genel koleksiyondan ayr\u0131 tutularak, kendi i\u00e7 d\u00fczenlerine g\u00f6re yerle\u015ftirilmi\u015ftir.<\/p><p>\u00a0<\/p><p>S\u00fcreli yay\u0131n, ayr\u0131 bas\u0131m, gri yay\u0131n, nadir eser ve yazma eser koleksiyonlar\u0131 i\u00e7in kapal\u0131 raf sistemi uygulanmaktad\u0131r. Bu t\u00fcrden materyallerle ilgili isteklerinizi Dan\u0131\u015fma Masas\u0131\u2019na ya da library@ircica.org adresine iletebilirsiniz<\/p>\t\t\t\t\t\t\t\t<\/div>\n\t\t\t\t<\/div>\n\t\t\t\t<div class=\"elementor-element elementor-element-7c65723 elementor-widget elementor-widget-heading\" data-id=\"7c65723\" data-element_type=\"widget\" data-e-type=\"widget\" data-widget_type=\"heading.default\">\n\t\t\t\t<div class=\"elementor-widget-container\">\n\t\t\t\t\t<h2 class=\"elementor-heading-title elementor-size-default\">\u00c7evrimi\u00e7i K\u00fct\u00fcphane ve Ar\u015fiv Katalog Taramas\u0131nda Dikkat Edilecek Hususlar:<\/h2>\t\t\t\t<\/div>\n\t\t\t\t<\/div>\n\t\t\t\t<div class=\"elementor-element elementor-element-3f80bec elementor-widget elementor-widget-text-editor\" data-id=\"3f80bec\" data-element_type=\"widget\" data-e-type=\"widget\" data-widget_type=\"text-editor.default\">\n\t\t\t\t<div class=\"elementor-widget-container\">\n\t\t\t\t\t\t\t\t\t<ul><li>IRCICA K\u00fct\u00fcphane ve Ar\u015fivi\u2019nde yer alan Arap\/Fars alfabelerindeki eserlerin transkripsiyonu a\u015fa\u011f\u0131daki tabloya g\u00f6re yap\u0131lmaktad\u0131r:<\/li><\/ul>\t\t\t\t\t\t\t\t<\/div>\n\t\t\t\t<\/div>\n\t\t\t\t<div class=\"elementor-element elementor-element-d592e90 elementor-widget elementor-widget-image\" data-id=\"d592e90\" data-element_type=\"widget\" data-e-type=\"widget\" data-widget_type=\"image.default\">\n\t\t\t\t<div class=\"elementor-widget-container\">\n\t\t\t\t\t\t\t\t\t\t\t\t\t\t\t<img fetchpriority=\"high\" decoding=\"async\" width=\"768\" height=\"776\" src=\"https:\/\/library.ircica.org\/wp-content\/uploads\/2025\/10\/Ekran-goruntusu-2025-10-20-103648-768x776.jpg\" class=\"attachment-medium_large size-medium_large wp-image-4456\" alt=\"\" srcset=\"https:\/\/library.ircica.org\/wp-content\/uploads\/2025\/10\/Ekran-goruntusu-2025-10-20-103648-768x776.jpg 768w, https:\/\/library.ircica.org\/wp-content\/uploads\/2025\/10\/Ekran-goruntusu-2025-10-20-103648-297x300.jpg 297w, https:\/\/library.ircica.org\/wp-content\/uploads\/2025\/10\/Ekran-goruntusu-2025-10-20-103648-585x591.jpg 585w, https:\/\/library.ircica.org\/wp-content\/uploads\/2025\/10\/Ekran-goruntusu-2025-10-20-103648.jpg 822w\" sizes=\"(max-width: 768px) 100vw, 768px\" \/>\t\t\t\t\t\t\t\t\t\t\t\t\t\t\t<\/div>\n\t\t\t\t<\/div>\n\t\t\t\t<div class=\"elementor-element elementor-element-882de99 elementor-widget elementor-widget-text-editor\" data-id=\"882de99\" data-element_type=\"widget\" data-e-type=\"widget\" data-widget_type=\"text-editor.default\">\n\t\t\t\t<div class=\"elementor-widget-container\">\n\t\t\t\t\t\t\t\t\t<ul><li>Tarama yaparken <em>tan\u0131m edatlar\u0131 <\/em>(a\/an, the, al-, der, les, il, v.b.) ve tire (-), ayra\u00e7 (\u201c) gibi <em>noktalama i\u015faretleri <\/em>kullan\u0131lmamal\u0131d\u0131r.<\/li><li>Konu ba\u015fl\u0131klar\u0131, Library of Congress konu ba\u015fl\u0131klar\u0131na g\u00f6re \u0130ngilizce olarak verilmektedir.<\/li><li>Detayl\u0131 tarama i\u00e7in ekrana gelen sonu\u00e7lar\u0131n sol taraf\u0131ndaki filtreler (materyal t\u00fcr\u00fc, y\u0131l, konu, dil, v.b.) kullan\u0131labilir.<\/li><\/ul>\t\t\t\t\t\t\t\t<\/div>\n\t\t\t\t<\/div>\n\t\t\t\t<div class=\"elementor-element elementor-element-3893f27 elementor-position-left elementor-vertical-align-middle elementor-widget elementor-widget-image-box\" data-id=\"3893f27\" data-element_type=\"widget\" data-e-type=\"widget\" data-widget_type=\"image-box.default\">\n\t\t\t\t<div class=\"elementor-widget-container\">\n\t\t\t\t\t<div class=\"elementor-image-box-wrapper\"><figure class=\"elementor-image-box-img\"><img decoding=\"async\" width=\"870\" height=\"385\" src=\"https:\/\/library.ircica.org\/wp-content\/uploads\/2025\/03\/Resim2.png\" class=\"attachment-full size-full wp-image-3200\" alt=\"\" srcset=\"https:\/\/library.ircica.org\/wp-content\/uploads\/2025\/03\/Resim2.png 870w, https:\/\/library.ircica.org\/wp-content\/uploads\/2025\/03\/Resim2-300x133.png 300w, https:\/\/library.ircica.org\/wp-content\/uploads\/2025\/03\/Resim2-768x340.png 768w, https:\/\/library.ircica.org\/wp-content\/uploads\/2025\/03\/Resim2-585x259.png 585w\" sizes=\"(max-width: 870px) 100vw, 870px\" \/><\/figure><div class=\"elementor-image-box-content\"><p class=\"elementor-image-box-description\">Ye\u015fil \u201cDigital\u201d butonu g\u00f6r\u00fcld\u00fc\u011f\u00fcnde \u00fczerine t\u0131klayarak ve ekranda g\u00f6r\u00fcnen \u201cFlipbook\u201d ba\u015fl\u0131\u011f\u0131 se\u00e7ilerek kullan\u0131c\u0131 hesab\u0131yla dijital materyale eri\u015fim sa\u011flanmaktad\u0131r. <\/p><\/div><\/div>\t\t\t\t<\/div>\n\t\t\t\t<\/div>\n\t\t\t\t<div class=\"elementor-element elementor-element-7f939e2 elementor-position-left elementor-vertical-align-middle elementor-widget elementor-widget-image-box\" data-id=\"7f939e2\" data-element_type=\"widget\" data-e-type=\"widget\" data-widget_type=\"image-box.default\">\n\t\t\t\t<div class=\"elementor-widget-container\">\n\t\t\t\t\t<div class=\"elementor-image-box-wrapper\"><figure class=\"elementor-image-box-img\"><img decoding=\"async\" width=\"870\" height=\"412\" src=\"https:\/\/library.ircica.org\/wp-content\/uploads\/2025\/03\/Resim3.png\" class=\"attachment-full size-full wp-image-3201\" alt=\"\" srcset=\"https:\/\/library.ircica.org\/wp-content\/uploads\/2025\/03\/Resim3.png 870w, https:\/\/library.ircica.org\/wp-content\/uploads\/2025\/03\/Resim3-300x142.png 300w, https:\/\/library.ircica.org\/wp-content\/uploads\/2025\/03\/Resim3-768x364.png 768w, https:\/\/library.ircica.org\/wp-content\/uploads\/2025\/03\/Resim3-585x277.png 585w\" sizes=\"(max-width: 870px) 100vw, 870px\" \/><\/figure><div class=\"elementor-image-box-content\"><p class=\"elementor-image-box-description\">K\u00fcnyenin eri\u015fim sekmesinde materyalin bulundu\u011fu yer ve demirba\u015f bilgileri g\u00f6r\u00fclmektedir.<\/p><\/div><\/div>\t\t\t\t<\/div>\n\t\t\t\t<\/div>\n\t\t\t\t<div class=\"elementor-element elementor-element-41147ab elementor-widget elementor-widget-heading\" data-id=\"41147ab\" data-element_type=\"widget\" data-e-type=\"widget\" data-widget_type=\"heading.default\">\n\t\t\t\t<div class=\"elementor-widget-container\">\n\t\t\t\t\t<h2 class=\"elementor-heading-title elementor-size-default\">Ara\u015ft\u0131rmalar s\u0131ras\u0131nda ba\u015fvurulabilecek baz\u0131 kaynak ve ara\u00e7lar:<\/h2>\t\t\t\t<\/div>\n\t\t\t\t<\/div>\n\t\t\t\t<div class=\"elementor-element elementor-element-5aa143e elementor-widget elementor-widget-text-editor\" data-id=\"5aa143e\" data-element_type=\"widget\" data-e-type=\"widget\" data-widget_type=\"text-editor.default\">\n\t\t\t\t<div class=\"elementor-widget-container\">\n\t\t\t\t\t\t\t\t\t<ul><li><p>Kubbealt\u0131 Lugat\u0131\u00a0<a href=\"https:\/\/www.lugatim.com\/\">https:\/\/www.lugatim.com\/<\/a><\/p><\/li><li><p>T\u00fcrk Dil Kurumu S\u00f6zl\u00fckleri\u00a0<a href=\"https:\/\/sozluk.gov.tr\/\">https:\/\/sozluk.gov.tr\/<\/a><\/p><\/li><li><p>TDV \u0130slam Ansiklopedisi\u00a0<a href=\"https:\/\/islamansiklopedisi.org.tr\/\">https:\/\/islamansiklopedisi.org.tr\/<\/a><\/p><\/li><li><p>T\u00fcrk Tarih Kurumu Tarih \u00c7evirme K\u0131lavuzu <a href=\"https:\/\/www.ttk.gov.tr\/tarih-cevirme-kilavuzu\/\">https:\/\/www.ttk.gov.tr\/tarih-cevirme-kilavuzu\/<\/a><\/p><\/li><li>LOC Arabic Romanization Table<a href=\"https:\/\/www.loc.gov\/catdir\/cpso\/romanization\/arabic.pdf\"> https:\/\/www.loc.gov\/catdir\/cpso\/romanization\/arabic.pdf<\/a><\/li><li>Script Source Arabic Romanization Tables <a href=\"https:\/\/scriptsource.org\/cms\/scripts\/page.php?item_id=entry_detail&amp;uid=rcssdvh5vn\">https:\/\/scriptsource.org\/cms\/scripts\/page.php?item_id=entry_detail&amp;uid=rcssdvh5vn<\/a><\/li><li>LOC Persian Romanization Table <a href=\"https:\/\/www.loc.gov\/catdir\/cpso\/romanization\/persian.pdf\">https:\/\/www.loc.gov\/catdir\/cpso\/romanization\/persian.pdf<\/a>.<\/li><li>MELA Ottoman Turkish Rules of Application <a href=\"https:\/\/library.ircica.org\/tr\/koleksiyonlara-erisim-ve-kullanim\/\">https:\/\/www.loc.gov\/catdir\/cpso\/romanization\/ottoman.pdf<\/a><\/li><li>ALA-LC Romanization Tables <a href=\"https:\/\/www.loc.gov\/catdir\/cpso\/roman.html\">https:\/\/www.loc.gov\/catdir\/cpso\/roman.html<\/a><\/li><li>Gregorian and Hijri Date Converter <a href=\"https:\/\/www.aoi.uzh.ch\/de\/islamwissenschaft\/hilfsmittel\/tools\/kalenderumrechnung\/maliyya.html\">https:\/\/www.aoi.uzh.ch\/de\/islamwissenschaft\/hilfsmittel\/tools\/kalenderumrechnung\/maliyya.html<\/a><\/li><li>\u00c7a\u011fda\u015f T\u00fcrk Leh\u00e7eleri Klavyesi Geli\u015ftirilmi\u015f Osmanl\u0131ca \/ Arap\u00e7a Klavye <a href=\"https:\/\/www.isa-sari.com\/osmanlica\/\">https:\/\/www.isa-sari.com\/osmanlica\/<\/a><\/li><li>\u00c7a\u011fda\u015f T\u00fcrk Leh\u00e7eleri ve Edebiyatlar\u0131, Latin Harfli Sanal Klavye Uygulamas\u0131 <a href=\"https:\/\/pauctle.com\/klavye\/latin_harfli\/\">https:\/\/pauctle.com\/klavye\/latin_harfli\/<\/a> &#8211; <a href=\"https:\/\/www.isa-sari.com\/ctlk\/\">https:\/\/www.isa-sari.com\/ctlk\/<\/a><\/li><\/ul>\t\t\t\t\t\t\t\t<\/div>\n\t\t\t\t<\/div>\n\t\t\t\t<div class=\"elementor-element elementor-element-03e8131 elementor-widget-divider--view-line_text elementor-widget-divider--element-align-center elementor-widget elementor-widget-divider\" data-id=\"03e8131\" data-element_type=\"widget\" data-e-type=\"widget\" data-widget_type=\"divider.default\">\n\t\t\t\t<div class=\"elementor-widget-container\">\n\t\t\t\t\t\t\t<div class=\"elementor-divider\">\n\t\t\t<span class=\"elementor-divider-separator\">\n\t\t\t\t\t\t\t<span class=\"elementor-divider__text elementor-divider__element\">\n\t\t\t\tIRCICA\t\t\t\t<\/span>\n\t\t\t\t\t\t<\/span>\n\t\t<\/div>\n\t\t\t\t\t\t<\/div>\n\t\t\t\t<\/div>\n\t\t\t\t\t<\/div>\n\t\t\t\t<\/div>\n\t\t\t\t<\/div>\n\t\t","protected":false},"excerpt":{"rendered":"<p>Koleksiyonlara Eri\u015fim ve Kullan\u0131m Koleksiyonda yer alan kitaplar a\u00e7\u0131k raf d\u00fczeninde, DEWEY Onlu S\u0131n\u0131flama Sistemi\u2019ne g\u00f6re IRCICA K\u00fct\u00fcphane ve Ar\u015fiv binas\u0131nda iki kata yerle\u015ftirilmi\u015ftir. \u00a0 KAT: Genel konular, felsefe &amp;&hellip;<\/p>\n","protected":false},"author":2,"featured_media":0,"parent":0,"menu_order":0,"comment_status":"closed","ping_status":"closed","template":"page-fullwidth.php","meta":{"_lmt_disableupdate":"no","_lmt_disable":"","footnotes":""},"class_list":["post-3286","page","type-page","status-publish","hentry"],"_links":{"self":[{"href":"https:\/\/library.ircica.org\/tr\/wp-json\/wp\/v2\/pages\/3286","targetHints":{"allow":["GET"]}}],"collection":[{"href":"https:\/\/library.ircica.org\/tr\/wp-json\/wp\/v2\/pages"}],"about":[{"href":"https:\/\/library.ircica.org\/tr\/wp-json\/wp\/v2\/types\/page"}],"author":[{"embeddable":true,"href":"https:\/\/library.ircica.org\/tr\/wp-json\/wp\/v2\/users\/2"}],"replies":[{"embeddable":true,"href":"https:\/\/library.ircica.org\/tr\/wp-json\/wp\/v2\/comments?post=3286"}],"version-history":[{"count":4,"href":"https:\/\/library.ircica.org\/tr\/wp-json\/wp\/v2\/pages\/3286\/revisions"}],"predecessor-version":[{"id":4904,"href":"https:\/\/library.ircica.org\/tr\/wp-json\/wp\/v2\/pages\/3286\/revisions\/4904"}],"wp:attachment":[{"href":"https:\/\/library.ircica.org\/tr\/wp-json\/wp\/v2\/media?parent=3286"}],"curies":[{"name":"wp","href":"https:\/\/api.w.org\/{rel}","templated":true}]}}