{"id":3288,"date":"2025-04-21T12:52:20","date_gmt":"2025-04-21T09:52:20","guid":{"rendered":"https:\/\/library.ircica.org\/koruma-ve-restorasyon\/"},"modified":"2026-03-30T15:36:27","modified_gmt":"2026-03-30T12:36:27","slug":"koruma-ve-restorasyon","status":"publish","type":"page","link":"https:\/\/library.ircica.org\/tr\/koruma-ve-restorasyon\/","title":{"rendered":"Koruma ve Restorasyon"},"content":{"rendered":"\t\t<div data-elementor-type=\"wp-page\" data-elementor-id=\"3288\" class=\"elementor elementor-3288 elementor-2842\" data-elementor-post-type=\"page\">\n\t\t\t\t<div class=\"elementor-element elementor-element-0e7a72d e-flex e-con-boxed e-con e-parent\" data-id=\"0e7a72d\" data-element_type=\"container\" data-e-type=\"container\">\n\t\t\t\t\t<div class=\"e-con-inner\">\n\t\t\t\t<div class=\"elementor-element elementor-element-b3571cf elementor-widget elementor-widget-heading\" data-id=\"b3571cf\" data-element_type=\"widget\" data-e-type=\"widget\" data-widget_type=\"heading.default\">\n\t\t\t\t<div class=\"elementor-widget-container\">\n\t\t\t\t\t<h2 class=\"elementor-heading-title elementor-size-default\">Koruma ve Restorasyon<\/h2>\t\t\t\t<\/div>\n\t\t\t\t<\/div>\n\t\t\t\t<div class=\"elementor-element elementor-element-674e7f3 elementor-widget elementor-widget-text-editor\" data-id=\"674e7f3\" data-element_type=\"widget\" data-e-type=\"widget\" data-widget_type=\"text-editor.default\">\n\t\t\t\t<div class=\"elementor-widget-container\">\n\t\t\t\t\t\t\t\t\t<p>K\u00fct\u00fcphane ve ar\u015fivlerin temel g\u00f6revleri aras\u0131nda \u00f6zg\u00fcn materyallere evrensel d\u00fczeyde eri\u015fim sa\u011flanmas\u0131 ve bu materyallerin korunarak gelecek nesillere aktar\u0131m\u0131 \u00e7al\u0131\u015fmalar\u0131 bulunmaktad\u0131r. Bu bilin\u00e7le hareket eden IRCICA K\u00fct\u00fcphane ve Ar\u015fiv B\u00f6l\u00fcm\u00fc, koleksiyonlarda yer alan bilgi kaynaklar\u0131n\u0131n korunmas\u0131 i\u00e7in b\u00fcy\u00fck bir dikkat ve \u00f6zen g\u00f6stererek \u00f6nleyici koruma tedbirlerini hayata ge\u00e7irmi\u015ftir. Bu de\u011ferli bilgi hazinesinin bulundu\u011fu alanlardaki depolama nem, \u0131s\u0131 ve ayd\u0131nlatma ko\u015fullar\u0131n\u0131n d\u00fczenlenmesine ve s\u00fcrekli kontrol edilmesine \u00f6nem vermi\u015f, bu y\u00f6nde \u00f6nlemler alm\u0131\u015ft\u0131r. Ayr\u0131ca bu eserlere uygulanacak i\u015flemlerde kullan\u0131lacak etiket, m\u00fcrekkep, kalem gibi malzemelerin se\u00e7iminden saklanacaklar\u0131 kutular\u0131n, raflar\u0131n, dolaplar\u0131n yap\u0131m\u0131na kadar gereken titizlik g\u00f6sterilmektedir.<\/p><p>\u00a0<\/p><p>D\u0131\u015far\u0131dan hizmet al\u0131m\u0131 ya da i\u015f birlikleri yoluyla eserlerin etkin korunmalar\u0131 sa\u011flanmaktad\u0131r. Bu \u00e7er\u00e7evede \u00f6zel koleksiyonlardan baz\u0131 eserlerin T\u00fcrkiye Yazma Eserler Kurumu (YEK) \u015eifahanesi taraf\u0131ndan restorasyonlar\u0131n\u0131n yap\u0131lmas\u0131na dair bir i\u015f birli\u011fi protokol\u00fc imzalanm\u0131\u015ft\u0131r.<\/p><p>\u00a0<\/p><p>Haber linki: <a href=\"https:\/\/www.ircica.org\/tr\/faaliyetler\/isbirligi\/turkiye-yazma-eserler-kurumu-ile-isbirligi\">https:\/\/www.ircica.org\/tr\/faaliyetler\/isbirligi\/turkiye-yazma-eserler-kurumu-ile-isbirligi<\/a><\/p><p>\u00a0<\/p><p>Koleksiyonlarda yer alan eserlerin dijitalle\u015ftirilmesi \u00e7al\u0131\u015fmalar\u0131 uygulanmakta olan \u00f6nleyici koruma y\u00f6ntemleri i\u00e7erisinde \u00f6nemli bir safhay\u0131 olu\u015fturmaktad\u0131r. IRCICA K\u00fct\u00fcphane ve Ar\u015fiv B\u00f6l\u00fcm\u00fc sahip oldu\u011fu \u00f6zel koleksiyonlar\u0131n fiziksel yap\u0131lar\u0131n\u0131 ve i\u00e7eriklerini y\u00fcr\u00fctt\u00fc\u011f\u00fc dijitalle\u015ftirme \u00e7al\u0131\u015fmalar\u0131yla korumakta, bu koleksiyonlar\u0131 olu\u015fturdu\u011fu \u00fcst verilerle birlikte a\u00e7\u0131k eri\u015fimde t\u00fcm d\u00fcnyaya sunmaktad\u0131r.<\/p><p>\u00a0<\/p>\t\t\t\t\t\t\t\t<\/div>\n\t\t\t\t<\/div>\n\t\t\t\t\t<\/div>\n\t\t\t\t<\/div>\n\t\t<div class=\"elementor-element elementor-element-2c1b36c e-flex e-con-boxed e-con e-parent\" data-id=\"2c1b36c\" data-element_type=\"container\" data-e-type=\"container\">\n\t\t\t\t\t<div class=\"e-con-inner\">\n\t\t<div class=\"elementor-element elementor-element-a606493 e-con-full e-flex e-con e-child\" data-id=\"a606493\" data-element_type=\"container\" data-e-type=\"container\">\n\t\t\t\t<div class=\"elementor-element elementor-element-c14a4e7 elementor-widget elementor-widget-image\" data-id=\"c14a4e7\" data-element_type=\"widget\" data-e-type=\"widget\" data-widget_type=\"image.default\">\n\t\t\t\t<div class=\"elementor-widget-container\">\n\t\t\t\t\t\t\t\t\t\t\t\t\t\t\t\t<a href=\"https:\/\/openaccess.ircica.org\/home\">\n\t\t\t\t\t\t\t<img decoding=\"async\" src=\"https:\/\/library.ircica.org\/wp-content\/uploads\/elementor\/thumbs\/site2-rl9p98q3d0qphjjtwobrs911t9ort0txv1nw6fz2tc.png\" title=\"site2\" alt=\"site2\" loading=\"lazy\" \/>\t\t\t\t\t\t\t\t<\/a>\n\t\t\t\t\t\t\t\t\t\t\t\t\t\t\t<\/div>\n\t\t\t\t<\/div>\n\t\t\t\t<\/div>\n\t\t<div class=\"elementor-element elementor-element-27b9bde e-con-full e-flex e-con e-child\" data-id=\"27b9bde\" data-element_type=\"container\" data-e-type=\"container\">\n\t\t\t\t<div class=\"elementor-element elementor-element-84131b2 elementor-widget elementor-widget-image\" data-id=\"84131b2\" data-element_type=\"widget\" data-e-type=\"widget\" data-widget_type=\"image.default\">\n\t\t\t\t<div class=\"elementor-widget-container\">\n\t\t\t\t\t\t\t\t\t\t\t\t\t\t\t\t<a href=\"https:\/\/elibrary.ircica.org\/Biblio\/SearchResult?HasDigital=&#038;KeyField=SearchKeyword&#038;SearchKeyword=\">\n\t\t\t\t\t\t\t<img fetchpriority=\"high\" decoding=\"async\" width=\"1024\" height=\"404\" src=\"https:\/\/library.ircica.org\/wp-content\/uploads\/2026\/03\/Ekran-Goruntusu-2026-03-30-15-24-54-1024x404.png\" class=\"attachment-large size-large wp-image-4861\" alt=\"\" srcset=\"https:\/\/library.ircica.org\/wp-content\/uploads\/2026\/03\/Ekran-Goruntusu-2026-03-30-15-24-54-1024x404.png 1024w, https:\/\/library.ircica.org\/wp-content\/uploads\/2026\/03\/Ekran-Goruntusu-2026-03-30-15-24-54-300x118.png 300w, https:\/\/library.ircica.org\/wp-content\/uploads\/2026\/03\/Ekran-Goruntusu-2026-03-30-15-24-54-768x303.png 768w, https:\/\/library.ircica.org\/wp-content\/uploads\/2026\/03\/Ekran-Goruntusu-2026-03-30-15-24-54-1170x462.png 1170w, https:\/\/library.ircica.org\/wp-content\/uploads\/2026\/03\/Ekran-Goruntusu-2026-03-30-15-24-54-585x231.png 585w, https:\/\/library.ircica.org\/wp-content\/uploads\/2026\/03\/Ekran-Goruntusu-2026-03-30-15-24-54.png 1172w\" sizes=\"(max-width: 1024px) 100vw, 1024px\" \/>\t\t\t\t\t\t\t\t<\/a>\n\t\t\t\t\t\t\t\t\t\t\t\t\t\t\t<\/div>\n\t\t\t\t<\/div>\n\t\t\t\t<\/div>\n\t\t\t\t\t<\/div>\n\t\t\t\t<\/div>\n\t\t\t\t<\/div>\n\t\t","protected":false},"excerpt":{"rendered":"<p>Koruma ve Restorasyon K\u00fct\u00fcphane ve ar\u015fivlerin temel g\u00f6revleri aras\u0131nda \u00f6zg\u00fcn materyallere evrensel d\u00fczeyde eri\u015fim sa\u011flanmas\u0131 ve bu materyallerin korunarak gelecek nesillere aktar\u0131m\u0131 \u00e7al\u0131\u015fmalar\u0131 bulunmaktad\u0131r. Bu bilin\u00e7le hareket eden IRCICA K\u00fct\u00fcphane&hellip;<\/p>\n","protected":false},"author":2,"featured_media":0,"parent":0,"menu_order":0,"comment_status":"closed","ping_status":"closed","template":"","meta":{"_lmt_disableupdate":"no","_lmt_disable":"","footnotes":""},"class_list":["post-3288","page","type-page","status-publish","hentry"],"_links":{"self":[{"href":"https:\/\/library.ircica.org\/tr\/wp-json\/wp\/v2\/pages\/3288","targetHints":{"allow":["GET"]}}],"collection":[{"href":"https:\/\/library.ircica.org\/tr\/wp-json\/wp\/v2\/pages"}],"about":[{"href":"https:\/\/library.ircica.org\/tr\/wp-json\/wp\/v2\/types\/page"}],"author":[{"embeddable":true,"href":"https:\/\/library.ircica.org\/tr\/wp-json\/wp\/v2\/users\/2"}],"replies":[{"embeddable":true,"href":"https:\/\/library.ircica.org\/tr\/wp-json\/wp\/v2\/comments?post=3288"}],"version-history":[{"count":4,"href":"https:\/\/library.ircica.org\/tr\/wp-json\/wp\/v2\/pages\/3288\/revisions"}],"predecessor-version":[{"id":4894,"href":"https:\/\/library.ircica.org\/tr\/wp-json\/wp\/v2\/pages\/3288\/revisions\/4894"}],"wp:attachment":[{"href":"https:\/\/library.ircica.org\/tr\/wp-json\/wp\/v2\/media?parent=3288"}],"curies":[{"name":"wp","href":"https:\/\/api.w.org\/{rel}","templated":true}]}}