{"id":3290,"date":"2025-03-17T08:48:37","date_gmt":"2025-03-17T05:48:37","guid":{"rendered":"https:\/\/library.ircica.org\/kutuphaneler-arasi-odunc-verme-ill\/"},"modified":"2025-08-21T11:43:18","modified_gmt":"2025-08-21T08:43:18","slug":"kutuphaneler-arasi-odunc-verme-ill","status":"publish","type":"page","link":"https:\/\/library.ircica.org\/tr\/kutuphaneler-arasi-odunc-verme-ill\/","title":{"rendered":"K\u00fct\u00fcphaneler Aras\u0131 \u00d6d\u00fcn\u00e7 Verme (ILL)"},"content":{"rendered":"\t\t<div data-elementor-type=\"wp-page\" data-elementor-id=\"3290\" class=\"elementor elementor-3290 elementor-1548\" data-elementor-post-type=\"page\">\n\t\t\t\t<div class=\"elementor-element elementor-element-d04ddc9 e-flex e-con-boxed e-con e-parent\" data-id=\"d04ddc9\" data-element_type=\"container\" data-e-type=\"container\">\n\t\t\t\t\t<div class=\"e-con-inner\">\n\t\t\t\t<div class=\"elementor-element elementor-element-b5d20e1 elementor-widget elementor-widget-heading\" data-id=\"b5d20e1\" data-element_type=\"widget\" data-e-type=\"widget\" data-widget_type=\"heading.default\">\n\t\t\t\t<div class=\"elementor-widget-container\">\n\t\t\t\t\t<h2 class=\"elementor-heading-title elementor-size-default\">K\u00fct\u00fcphaneler Aras\u0131 \u00d6d\u00fcn\u00e7 Verme (ILL)<\/h2>\t\t\t\t<\/div>\n\t\t\t\t<\/div>\n\t\t\t\t<div class=\"elementor-element elementor-element-5a04d27 elementor-widget elementor-widget-text-editor\" data-id=\"5a04d27\" data-element_type=\"widget\" data-e-type=\"widget\" data-widget_type=\"text-editor.default\">\n\t\t\t\t<div class=\"elementor-widget-container\">\n\t\t\t\t\t\t\t\t\t<p>\u00a0<\/p><p>IRCICA K\u00fct\u00fcphane ve Ar\u015fivi, di\u011fer bilgi kurumlar\u0131ndan gelen kaynak isteklerini belli ko\u015fullar alt\u0131nda \u201cK\u00fct\u00fcphaneler Aras\u0131 \u00d6d\u00fcn\u00e7 Verme Hizmeti\u201d \u00e7er\u00e7evesinde sa\u011flamaktad\u0131r.<\/p><p>\u00a0<\/p><p>Bu hizmetten yararlanmak i\u00e7in <a href=\"mailto:library@ircica.org\">library@ircica.org<\/a> adresine ba\u015fvurabilirsiniz.<\/p>\t\t\t\t\t\t\t\t<\/div>\n\t\t\t\t<\/div>\n\t\t\t\t<div class=\"elementor-element elementor-element-8fd502c elementor-widget-divider--view-line_text elementor-widget-divider--element-align-center elementor-widget elementor-widget-divider\" data-id=\"8fd502c\" data-element_type=\"widget\" data-e-type=\"widget\" data-widget_type=\"divider.default\">\n\t\t\t\t<div class=\"elementor-widget-container\">\n\t\t\t\t\t\t\t<div class=\"elementor-divider\">\n\t\t\t<span class=\"elementor-divider-separator\">\n\t\t\t\t\t\t\t<span class=\"elementor-divider__text elementor-divider__element\">\n\t\t\t\tIRCICA\t\t\t\t<\/span>\n\t\t\t\t\t\t<\/span>\n\t\t<\/div>\n\t\t\t\t\t\t<\/div>\n\t\t\t\t<\/div>\n\t\t\t\t\t<\/div>\n\t\t\t\t<\/div>\n\t\t\t\t<\/div>\n\t\t","protected":false},"excerpt":{"rendered":"<p>K\u00fct\u00fcphaneler Aras\u0131 \u00d6d\u00fcn\u00e7 Verme (ILL) \u00a0 IRCICA K\u00fct\u00fcphane ve Ar\u015fivi, di\u011fer bilgi kurumlar\u0131ndan gelen kaynak isteklerini belli ko\u015fullar alt\u0131nda \u201cK\u00fct\u00fcphaneler Aras\u0131 \u00d6d\u00fcn\u00e7 Verme Hizmeti\u201d \u00e7er\u00e7evesinde sa\u011flamaktad\u0131r. \u00a0 Bu hizmetten yararlanmak&hellip;<\/p>\n","protected":false},"author":2,"featured_media":0,"parent":0,"menu_order":0,"comment_status":"closed","ping_status":"closed","template":"page-fullwidth.php","meta":{"_lmt_disableupdate":"no","_lmt_disable":"","footnotes":""},"class_list":["post-3290","page","type-page","status-publish","hentry"],"_links":{"self":[{"href":"https:\/\/library.ircica.org\/tr\/wp-json\/wp\/v2\/pages\/3290","targetHints":{"allow":["GET"]}}],"collection":[{"href":"https:\/\/library.ircica.org\/tr\/wp-json\/wp\/v2\/pages"}],"about":[{"href":"https:\/\/library.ircica.org\/tr\/wp-json\/wp\/v2\/types\/page"}],"author":[{"embeddable":true,"href":"https:\/\/library.ircica.org\/tr\/wp-json\/wp\/v2\/users\/2"}],"replies":[{"embeddable":true,"href":"https:\/\/library.ircica.org\/tr\/wp-json\/wp\/v2\/comments?post=3290"}],"version-history":[{"count":1,"href":"https:\/\/library.ircica.org\/tr\/wp-json\/wp\/v2\/pages\/3290\/revisions"}],"predecessor-version":[{"id":4190,"href":"https:\/\/library.ircica.org\/tr\/wp-json\/wp\/v2\/pages\/3290\/revisions\/4190"}],"wp:attachment":[{"href":"https:\/\/library.ircica.org\/tr\/wp-json\/wp\/v2\/media?parent=3290"}],"curies":[{"name":"wp","href":"https:\/\/api.w.org\/{rel}","templated":true}]}}