{"id":3294,"date":"2025-04-21T12:47:30","date_gmt":"2025-04-21T09:47:30","guid":{"rendered":"https:\/\/library.ircica.org\/misyon-ve-vizyon\/"},"modified":"2025-08-31T12:53:00","modified_gmt":"2025-08-31T09:53:00","slug":"misyon-ve-vizyon","status":"publish","type":"page","link":"https:\/\/library.ircica.org\/tr\/misyon-ve-vizyon\/","title":{"rendered":"Misyon ve Vizyon"},"content":{"rendered":"\t\t<div data-elementor-type=\"wp-page\" data-elementor-id=\"3294\" class=\"elementor elementor-3294 elementor-2829\" data-elementor-post-type=\"page\">\n\t\t\t\t<div class=\"elementor-element elementor-element-50db4d6 e-flex e-con-boxed e-con e-parent\" data-id=\"50db4d6\" data-element_type=\"container\" data-e-type=\"container\">\n\t\t\t\t\t<div class=\"e-con-inner\">\n\t\t\t\t<div class=\"elementor-element elementor-element-46e6f79 elementor-widget elementor-widget-heading\" data-id=\"46e6f79\" data-element_type=\"widget\" data-e-type=\"widget\" data-widget_type=\"heading.default\">\n\t\t\t\t<div class=\"elementor-widget-container\">\n\t\t\t\t\t<h2 class=\"elementor-heading-title elementor-size-default\">Misyon ve Vizyon<\/h2>\t\t\t\t<\/div>\n\t\t\t\t<\/div>\n\t\t\t\t\t<\/div>\n\t\t\t\t<\/div>\n\t\t<div class=\"elementor-element elementor-element-1b81e90 e-flex e-con-boxed e-con e-parent\" data-id=\"1b81e90\" data-element_type=\"container\" data-e-type=\"container\">\n\t\t\t\t\t<div class=\"e-con-inner\">\n\t\t\t\t<div class=\"elementor-element elementor-element-86c2af2 elementor-widget elementor-widget-text-editor\" data-id=\"86c2af2\" data-element_type=\"widget\" data-e-type=\"widget\" data-widget_type=\"text-editor.default\">\n\t\t\t\t<div class=\"elementor-widget-container\">\n\t\t\t\t\t\t\t\t\t<ul><li><p><strong>Misyon<\/strong><\/p><p>IRCICA\u2019n\u0131n \u0130slam medeniyeti ve M\u00fcsl\u00fcman milletlerin k\u00fclt\u00fcrleriyle ilgili konulardaki ara\u015ft\u0131rma, yay\u0131n, e\u011fitim ve bilgi-belge \u00e7al\u0131\u015fmalar\u0131n\u0131 desteklemek amac\u0131yla her t\u00fcrden ve formattan bilgi kayna\u011f\u0131n\u0131 toplamak, organize etmek, ara\u015ft\u0131rmac\u0131lara sunmak ve bu k\u00fclt\u00fcrel miras birikimini koruyarak gelecek ku\u015faklara aktar\u0131lmas\u0131n\u0131 sa\u011flamakt\u0131r.<\/p><\/li><\/ul><p>\u00a0<\/p><ul><li><p><strong>Vizyon<\/strong><\/p><p>IRCICA\u2019n\u0131n ara\u015ft\u0131rma ve geli\u015ftirme \u00e7al\u0131\u015fmalar\u0131n\u0131 desteklemek \u00fczere olu\u015fturulan koleksiyonlar\u0131 \u00e7a\u011f\u0131n gereklerine uygun olarak geli\u015ftirmek, zaman ve mek\u00e2ndan ba\u011f\u0131ms\u0131z olarak ara\u015ft\u0131rmac\u0131lar\u0131n her t\u00fcrl\u00fc bilgi ihtiyac\u0131n\u0131 kar\u015f\u0131lamakt\u0131r.<\/p><\/li><\/ul>\t\t\t\t\t\t\t\t<\/div>\n\t\t\t\t<\/div>\n\t\t\t\t\t<\/div>\n\t\t\t\t<\/div>\n\t\t\t\t<\/div>\n\t\t","protected":false},"excerpt":{"rendered":"<p>Misyon ve Vizyon Misyon IRCICA\u2019n\u0131n \u0130slam medeniyeti ve M\u00fcsl\u00fcman milletlerin k\u00fclt\u00fcrleriyle ilgili konulardaki ara\u015ft\u0131rma, yay\u0131n, e\u011fitim ve bilgi-belge \u00e7al\u0131\u015fmalar\u0131n\u0131 desteklemek amac\u0131yla her t\u00fcrden ve formattan bilgi kayna\u011f\u0131n\u0131 toplamak, organize etmek,&hellip;<\/p>\n","protected":false},"author":2,"featured_media":0,"parent":0,"menu_order":0,"comment_status":"closed","ping_status":"closed","template":"","meta":{"_lmt_disableupdate":"no","_lmt_disable":"","footnotes":""},"class_list":["post-3294","page","type-page","status-publish","hentry"],"_links":{"self":[{"href":"https:\/\/library.ircica.org\/tr\/wp-json\/wp\/v2\/pages\/3294","targetHints":{"allow":["GET"]}}],"collection":[{"href":"https:\/\/library.ircica.org\/tr\/wp-json\/wp\/v2\/pages"}],"about":[{"href":"https:\/\/library.ircica.org\/tr\/wp-json\/wp\/v2\/types\/page"}],"author":[{"embeddable":true,"href":"https:\/\/library.ircica.org\/tr\/wp-json\/wp\/v2\/users\/2"}],"replies":[{"embeddable":true,"href":"https:\/\/library.ircica.org\/tr\/wp-json\/wp\/v2\/comments?post=3294"}],"version-history":[{"count":4,"href":"https:\/\/library.ircica.org\/tr\/wp-json\/wp\/v2\/pages\/3294\/revisions"}],"predecessor-version":[{"id":4282,"href":"https:\/\/library.ircica.org\/tr\/wp-json\/wp\/v2\/pages\/3294\/revisions\/4282"}],"wp:attachment":[{"href":"https:\/\/library.ircica.org\/tr\/wp-json\/wp\/v2\/media?parent=3294"}],"curies":[{"name":"wp","href":"https:\/\/api.w.org\/{rel}","templated":true}]}}