{"id":3298,"date":"2025-03-19T07:30:17","date_gmt":"2025-03-19T04:30:17","guid":{"rendered":"https:\/\/library.ircica.org\/s-s-s\/"},"modified":"2025-08-19T13:38:35","modified_gmt":"2025-08-19T10:38:35","slug":"s-s-s","status":"publish","type":"page","link":"https:\/\/library.ircica.org\/tr\/s-s-s\/","title":{"rendered":"S.S.S"},"content":{"rendered":"\t\t<div data-elementor-type=\"wp-page\" data-elementor-id=\"3298\" class=\"elementor elementor-3298 elementor-1726\" data-elementor-post-type=\"page\">\n\t\t\t\t<div class=\"elementor-element elementor-element-827b4aa e-flex e-con-boxed e-con e-parent\" data-id=\"827b4aa\" data-element_type=\"container\" data-e-type=\"container\">\n\t\t\t\t\t<div class=\"e-con-inner\">\n\t\t\t\t<div class=\"elementor-element elementor-element-266a42a elementor-widget elementor-widget-spacer\" data-id=\"266a42a\" data-element_type=\"widget\" data-e-type=\"widget\" data-widget_type=\"spacer.default\">\n\t\t\t\t<div class=\"elementor-widget-container\">\n\t\t\t\t\t\t\t<div class=\"elementor-spacer\">\n\t\t\t<div class=\"elementor-spacer-inner\"><\/div>\n\t\t<\/div>\n\t\t\t\t\t\t<\/div>\n\t\t\t\t<\/div>\n\t\t\t\t<div class=\"elementor-element elementor-element-82b8445 elementor-widget elementor-widget-heading\" data-id=\"82b8445\" data-element_type=\"widget\" data-e-type=\"widget\" data-widget_type=\"heading.default\">\n\t\t\t\t<div class=\"elementor-widget-container\">\n\t\t\t\t\t<h2 class=\"elementor-heading-title elementor-size-default\">S\u0131k\u00e7a Sorulan Sorular<\/h2>\t\t\t\t<\/div>\n\t\t\t\t<\/div>\n\t\t\t\t<div class=\"elementor-element elementor-element-2ebc334 elementor-widget elementor-widget-spacer\" data-id=\"2ebc334\" data-element_type=\"widget\" data-e-type=\"widget\" data-widget_type=\"spacer.default\">\n\t\t\t\t<div class=\"elementor-widget-container\">\n\t\t\t\t\t\t\t<div class=\"elementor-spacer\">\n\t\t\t<div class=\"elementor-spacer-inner\"><\/div>\n\t\t<\/div>\n\t\t\t\t\t\t<\/div>\n\t\t\t\t<\/div>\n\t\t\t\t<div class=\"elementor-element elementor-element-4e9aea0 elementor-widget elementor-widget-n-accordion\" data-id=\"4e9aea0\" data-element_type=\"widget\" data-e-type=\"widget\" data-settings=\"{&quot;default_state&quot;:&quot;expanded&quot;,&quot;max_items_expended&quot;:&quot;one&quot;,&quot;n_accordion_animation_duration&quot;:{&quot;unit&quot;:&quot;ms&quot;,&quot;size&quot;:400,&quot;sizes&quot;:[]}}\" data-widget_type=\"nested-accordion.default\">\n\t\t\t\t<div class=\"elementor-widget-container\">\n\t\t\t\t\t\t\t<div class=\"e-n-accordion\" aria-label=\"Accordion. Open links with Enter or Space, close with Escape, and navigate with Arrow Keys\">\n\t\t\t\t\t\t<details id=\"e-n-accordion-item-8240\" class=\"e-n-accordion-item\" open>\n\t\t\t\t<summary class=\"e-n-accordion-item-title\" data-accordion-index=\"1\" tabindex=\"0\" aria-expanded=\"true\" aria-controls=\"e-n-accordion-item-8240\" >\n\t\t\t\t\t<span class='e-n-accordion-item-title-header'><div class=\"e-n-accordion-item-title-text\"> IRCICA K\u00fct\u00fcphanesi\u2019ni kimler kullanabilir? <\/div><\/span>\n\t\t\t\t\t\t\t<span class='e-n-accordion-item-title-icon'>\n\t\t\t<span class='e-opened' ><i aria-hidden=\"true\" class=\"fas fa-minus-circle\"><\/i><\/span>\n\t\t\t<span class='e-closed'><i aria-hidden=\"true\" class=\"fas fa-plus-circle\"><\/i><\/span>\n\t\t<\/span>\n\n\t\t\t\t\t\t<\/summary>\n\t\t\t\t<div role=\"region\" aria-labelledby=\"e-n-accordion-item-8240\" class=\"elementor-element elementor-element-c50acb1 e-con-full e-flex e-con e-child\" data-id=\"c50acb1\" data-element_type=\"container\" data-e-type=\"container\">\n\t\t<div role=\"region\" aria-labelledby=\"e-n-accordion-item-8240\" class=\"elementor-element elementor-element-c4f3289 e-flex e-con-boxed e-con e-child\" data-id=\"c4f3289\" data-element_type=\"container\" data-e-type=\"container\">\n\t\t\t\t\t<div class=\"e-con-inner\">\n\t\t\t\t<div class=\"elementor-element elementor-element-feab2bf elementor-widget elementor-widget-text-editor\" data-id=\"feab2bf\" data-element_type=\"widget\" data-e-type=\"widget\" data-widget_type=\"text-editor.default\">\n\t\t\t\t<div class=\"elementor-widget-container\">\n\t\t\t\t\t\t\t\t\t<p>K\u00fct\u00fcphane, \u00f6ncelikle IRCICA ara\u015ft\u0131rmac\u0131lar\u0131n\u0131n her t\u00fcrl\u00fc bilgi ihtiya\u00e7lar\u0131n\u0131 kar\u015f\u0131lamakla beraber ayr\u0131ca d\u00fcnyan\u0131n her yerinden ziyaret\u00e7ilere hizmet vermektedir. K\u00fct\u00fcphaneyi ziyaret eden d\u0131\u015f kullan\u0131c\u0131lar aras\u0131nda akademisyenler, lisans\u00fcst\u00fc \u00f6\u011frenciler, kurum ve kurulu\u015flardan ara\u015ft\u0131rmac\u0131lar bulunmaktad\u0131r.<\/p>\t\t\t\t\t\t\t\t<\/div>\n\t\t\t\t<\/div>\n\t\t\t\t\t<\/div>\n\t\t\t\t<\/div>\n\t\t\t\t<\/div>\n\t\t\t\t\t<\/details>\n\t\t\t\t\t\t<details id=\"e-n-accordion-item-8241\" class=\"e-n-accordion-item\" >\n\t\t\t\t<summary class=\"e-n-accordion-item-title\" data-accordion-index=\"2\" tabindex=\"-1\" aria-expanded=\"false\" aria-controls=\"e-n-accordion-item-8241\" >\n\t\t\t\t\t<span class='e-n-accordion-item-title-header'><div class=\"e-n-accordion-item-title-text\"> K\u00fct\u00fcphane haftan\u0131n hangi g\u00fcn ve saatleri a\u00e7\u0131kt\u0131r? <\/div><\/span>\n\t\t\t\t\t\t\t<span class='e-n-accordion-item-title-icon'>\n\t\t\t<span class='e-opened' ><i aria-hidden=\"true\" class=\"fas fa-minus-circle\"><\/i><\/span>\n\t\t\t<span class='e-closed'><i aria-hidden=\"true\" class=\"fas fa-plus-circle\"><\/i><\/span>\n\t\t<\/span>\n\n\t\t\t\t\t\t<\/summary>\n\t\t\t\t<div role=\"region\" aria-labelledby=\"e-n-accordion-item-8241\" class=\"elementor-element elementor-element-a24e233 e-con-full e-flex e-con e-child\" data-id=\"a24e233\" data-element_type=\"container\" data-e-type=\"container\">\n\t\t\t\t<div class=\"elementor-element elementor-element-4a36722 elementor-widget elementor-widget-text-editor\" data-id=\"4a36722\" data-element_type=\"widget\" data-e-type=\"widget\" data-widget_type=\"text-editor.default\">\n\t\t\t\t<div class=\"elementor-widget-container\">\n\t\t\t\t\t\t\t\t\t<p>K\u00fct\u00fcphane hafta i\u00e7i saat 9:00-17:00 aras\u0131nda hizmet vermektedir.<\/p>\t\t\t\t\t\t\t\t<\/div>\n\t\t\t\t<\/div>\n\t\t\t\t<\/div>\n\t\t\t\t\t<\/details>\n\t\t\t\t\t\t<details id=\"e-n-accordion-item-8242\" class=\"e-n-accordion-item\" >\n\t\t\t\t<summary class=\"e-n-accordion-item-title\" data-accordion-index=\"3\" tabindex=\"-1\" aria-expanded=\"false\" aria-controls=\"e-n-accordion-item-8242\" >\n\t\t\t\t\t<span class='e-n-accordion-item-title-header'><div class=\"e-n-accordion-item-title-text\"> K\u00fct\u00fcphane katalo\u011funu nas\u0131l tarayabilirim? <\/div><\/span>\n\t\t\t\t\t\t\t<span class='e-n-accordion-item-title-icon'>\n\t\t\t<span class='e-opened' ><i aria-hidden=\"true\" class=\"fas fa-minus-circle\"><\/i><\/span>\n\t\t\t<span class='e-closed'><i aria-hidden=\"true\" class=\"fas fa-plus-circle\"><\/i><\/span>\n\t\t<\/span>\n\n\t\t\t\t\t\t<\/summary>\n\t\t\t\t<div role=\"region\" aria-labelledby=\"e-n-accordion-item-8242\" class=\"elementor-element elementor-element-ccf0ce4 e-con-full e-flex e-con e-child\" data-id=\"ccf0ce4\" data-element_type=\"container\" data-e-type=\"container\">\n\t\t\t\t<div class=\"elementor-element elementor-element-8722940 elementor-widget elementor-widget-text-editor\" data-id=\"8722940\" data-element_type=\"widget\" data-e-type=\"widget\" data-widget_type=\"text-editor.default\">\n\t\t\t\t<div class=\"elementor-widget-container\">\n\t\t\t\t\t\t\t\t\t<p><em>K\u00fct\u00fcphane katalo\u011funa<\/em> eri\u015fmek i\u00e7in<a href=\"https:\/\/library.ircica.org\/Biblio\/SearchResult?HasDigital=&amp;KeyField=SearchKeyword&amp;SearchKeyword=\"> t\u0131klay\u0131n\u0131z.<\/a> Filtrelemeleri kullanarak arad\u0131\u011f\u0131n\u0131z sonu\u00e7lara daha h\u0131zl\u0131 ula\u015fabilirsiniz.<\/p>\t\t\t\t\t\t\t\t<\/div>\n\t\t\t\t<\/div>\n\t\t\t\t<\/div>\n\t\t\t\t\t<\/details>\n\t\t\t\t\t\t<details id=\"e-n-accordion-item-8243\" class=\"e-n-accordion-item\" >\n\t\t\t\t<summary class=\"e-n-accordion-item-title\" data-accordion-index=\"4\" tabindex=\"-1\" aria-expanded=\"false\" aria-controls=\"e-n-accordion-item-8243\" >\n\t\t\t\t\t<span class='e-n-accordion-item-title-header'><div class=\"e-n-accordion-item-title-text\"> Dijital yay\u0131nlar\u0131n\u0131za nas\u0131l ula\u015fabilirim? <\/div><\/span>\n\t\t\t\t\t\t\t<span class='e-n-accordion-item-title-icon'>\n\t\t\t<span class='e-opened' ><i aria-hidden=\"true\" class=\"fas fa-minus-circle\"><\/i><\/span>\n\t\t\t<span class='e-closed'><i aria-hidden=\"true\" class=\"fas fa-plus-circle\"><\/i><\/span>\n\t\t<\/span>\n\n\t\t\t\t\t\t<\/summary>\n\t\t\t\t<div role=\"region\" aria-labelledby=\"e-n-accordion-item-8243\" class=\"elementor-element elementor-element-a9a94dc e-con-full e-flex e-con e-child\" data-id=\"a9a94dc\" data-element_type=\"container\" data-e-type=\"container\">\n\t\t\t\t<div class=\"elementor-element elementor-element-0819d44 elementor-widget elementor-widget-text-editor\" data-id=\"0819d44\" data-element_type=\"widget\" data-e-type=\"widget\" data-widget_type=\"text-editor.default\">\n\t\t\t\t<div class=\"elementor-widget-container\">\n\t\t\t\t\t\t\t\t\t<p>A\u015fa\u011f\u0131daki linke t\u0131klayarak dijitalle\u015ftirilmi\u015f olan nadir eserlere, ar\u015fiv materyallerine eri\u015fim sa\u011flayabilirsiniz.<\/p><p><a href=\"https:\/\/library.ircica.org\/tr\/dijital-koleksiyonlar\/\">t\u0131klay\u0131n\u0131z<\/a><\/p>\t\t\t\t\t\t\t\t<\/div>\n\t\t\t\t<\/div>\n\t\t\t\t<\/div>\n\t\t\t\t\t<\/details>\n\t\t\t\t\t\t<details id=\"e-n-accordion-item-8244\" class=\"e-n-accordion-item\" >\n\t\t\t\t<summary class=\"e-n-accordion-item-title\" data-accordion-index=\"5\" tabindex=\"-1\" aria-expanded=\"false\" aria-controls=\"e-n-accordion-item-8244\" >\n\t\t\t\t\t<span class='e-n-accordion-item-title-header'><div class=\"e-n-accordion-item-title-text\"> Koleksiyonda bulunan materyallerin kullan\u0131m ko\u015fullar\u0131 nedir? <\/div><\/span>\n\t\t\t\t\t\t\t<span class='e-n-accordion-item-title-icon'>\n\t\t\t<span class='e-opened' ><i aria-hidden=\"true\" class=\"fas fa-minus-circle\"><\/i><\/span>\n\t\t\t<span class='e-closed'><i aria-hidden=\"true\" class=\"fas fa-plus-circle\"><\/i><\/span>\n\t\t<\/span>\n\n\t\t\t\t\t\t<\/summary>\n\t\t\t\t<div role=\"region\" aria-labelledby=\"e-n-accordion-item-8244\" class=\"elementor-element elementor-element-6b0c8f9 e-con-full e-flex e-con e-child\" data-id=\"6b0c8f9\" data-element_type=\"container\" data-e-type=\"container\">\n\t\t\t\t<div class=\"elementor-element elementor-element-aaafb59 elementor-widget elementor-widget-text-editor\" data-id=\"aaafb59\" data-element_type=\"widget\" data-e-type=\"widget\" data-widget_type=\"text-editor.default\">\n\t\t\t\t<div class=\"elementor-widget-container\">\n\t\t\t\t\t\t\t\t\t<p>Kullan\u0131c\u0131lar taraf\u0131ndan talep edilen materyaller K\u00fct\u00fcphane taraf\u0131ndan kullan\u0131m kurallar\u0131 \u00e7er\u00e7evesinde de\u011ferlendirilir.<\/p><p><em>K\u00fct\u00fcphane kullan\u0131m kurallar\u0131<\/em> i\u00e7in <a href=\"https:\/\/library.ircica.org\/uyelik-ve-kullanim-kurallari\/\">t\u0131klay\u0131n\u0131z<\/a><\/p>\t\t\t\t\t\t\t\t<\/div>\n\t\t\t\t<\/div>\n\t\t\t\t<\/div>\n\t\t\t\t\t<\/details>\n\t\t\t\t\t\t<details id=\"e-n-accordion-item-8245\" class=\"e-n-accordion-item\" >\n\t\t\t\t<summary class=\"e-n-accordion-item-title\" data-accordion-index=\"6\" tabindex=\"-1\" aria-expanded=\"false\" aria-controls=\"e-n-accordion-item-8245\" >\n\t\t\t\t\t<span class='e-n-accordion-item-title-header'><div class=\"e-n-accordion-item-title-text\"> K\u00fct\u00fcphane materyallerinin dijital kopyalar\u0131n\u0131 nas\u0131l talep edebilirim? <\/div><\/span>\n\t\t\t\t\t\t\t<span class='e-n-accordion-item-title-icon'>\n\t\t\t<span class='e-opened' ><i aria-hidden=\"true\" class=\"fas fa-minus-circle\"><\/i><\/span>\n\t\t\t<span class='e-closed'><i aria-hidden=\"true\" class=\"fas fa-plus-circle\"><\/i><\/span>\n\t\t<\/span>\n\n\t\t\t\t\t\t<\/summary>\n\t\t\t\t<div role=\"region\" aria-labelledby=\"e-n-accordion-item-8245\" class=\"elementor-element elementor-element-c9ae4a1 e-con-full e-flex e-con e-child\" data-id=\"c9ae4a1\" data-element_type=\"container\" data-e-type=\"container\">\n\t\t\t\t<div class=\"elementor-element elementor-element-7db4043 elementor-widget elementor-widget-text-editor\" data-id=\"7db4043\" data-element_type=\"widget\" data-e-type=\"widget\" data-widget_type=\"text-editor.default\">\n\t\t\t\t<div class=\"elementor-widget-container\">\n\t\t\t\t\t\t\t\t\t<p>Bilgi kaynaklar\u0131ndan kopya talepleri k\u00fct\u00fcphane taraf\u0131ndan de\u011ferlendirilir. Faydalan\u0131lan eserlerin dijital kopyalar\u0131n\u0131n \u00f6ng\u00f6r\u00fclen ama\u00e7lar d\u0131\u015f\u0131nda kullan\u0131lmas\u0131 ya da elektronik ortamda izinsiz \u015fekilde payla\u015f\u0131lmas\u0131 halinde IRCICA taraf\u0131ndan gerekli hukuki i\u015flemler yap\u0131l\u0131r. Materyal kullan\u0131m ko\u015fullar\u0131na g\u00f6re talep edilen materyaller kullan\u0131m \u00fccretine tabi olmaktad\u0131r.<\/p><p><a href=\"https:\/\/library.ircica.org\/wp-content\/uploads\/2025\/05\/LAD_Digital_Copy_Request_Form.pdf\"><em>Dijital Kopya \u0130stek Formu<\/em> i\u00e7in t\u0131klay\u0131n\u0131z.<\/a><\/p>\t\t\t\t\t\t\t\t<\/div>\n\t\t\t\t<\/div>\n\t\t\t\t<\/div>\n\t\t\t\t\t<\/details>\n\t\t\t\t\t\t<details id=\"e-n-accordion-item-8246\" class=\"e-n-accordion-item\" >\n\t\t\t\t<summary class=\"e-n-accordion-item-title\" data-accordion-index=\"7\" tabindex=\"-1\" aria-expanded=\"false\" aria-controls=\"e-n-accordion-item-8246\" >\n\t\t\t\t\t<span class='e-n-accordion-item-title-header'><div class=\"e-n-accordion-item-title-text\"> K\u00fct\u00fcphanede internet eri\u015fimi sa\u011flayabilece\u011fim herhangi bir yer var m\u0131? <\/div><\/span>\n\t\t\t\t\t\t\t<span class='e-n-accordion-item-title-icon'>\n\t\t\t<span class='e-opened' ><i aria-hidden=\"true\" class=\"fas fa-minus-circle\"><\/i><\/span>\n\t\t\t<span class='e-closed'><i aria-hidden=\"true\" class=\"fas fa-plus-circle\"><\/i><\/span>\n\t\t<\/span>\n\n\t\t\t\t\t\t<\/summary>\n\t\t\t\t<div role=\"region\" aria-labelledby=\"e-n-accordion-item-8246\" class=\"elementor-element elementor-element-7a5e019 e-con-full e-flex e-con e-child\" data-id=\"7a5e019\" data-element_type=\"container\" data-e-type=\"container\">\n\t\t\t\t<div class=\"elementor-element elementor-element-a2714b4 elementor-widget elementor-widget-text-editor\" data-id=\"a2714b4\" data-element_type=\"widget\" data-e-type=\"widget\" data-widget_type=\"text-editor.default\">\n\t\t\t\t<div class=\"elementor-widget-container\">\n\t\t\t\t\t\t\t\t\t<p>Evet. Kullan\u0131c\u0131 bilgisayarlar\u0131n\u0131n t\u00fcm\u00fcnde internet oldu\u011fu gibi, kablosuz a\u011f hizmeti de vard\u0131r. Ayr\u0131ca diz\u00fcst\u00fc bilgisayarlar\u0131n \u015farj\u0131 i\u00e7in masalarda prizler mevcuttur.<\/p>\t\t\t\t\t\t\t\t<\/div>\n\t\t\t\t<\/div>\n\t\t\t\t<\/div>\n\t\t\t\t\t<\/details>\n\t\t\t\t\t\t<details id=\"e-n-accordion-item-8247\" class=\"e-n-accordion-item\" >\n\t\t\t\t<summary class=\"e-n-accordion-item-title\" data-accordion-index=\"8\" tabindex=\"-1\" aria-expanded=\"false\" aria-controls=\"e-n-accordion-item-8247\" >\n\t\t\t\t\t<span class='e-n-accordion-item-title-header'><div class=\"e-n-accordion-item-title-text\"> Koleksiyonumu nas\u0131l ba\u011f\u0131\u015flayabilirim? <\/div><\/span>\n\t\t\t\t\t\t\t<span class='e-n-accordion-item-title-icon'>\n\t\t\t<span class='e-opened' ><i aria-hidden=\"true\" class=\"fas fa-minus-circle\"><\/i><\/span>\n\t\t\t<span class='e-closed'><i aria-hidden=\"true\" class=\"fas fa-plus-circle\"><\/i><\/span>\n\t\t<\/span>\n\n\t\t\t\t\t\t<\/summary>\n\t\t\t\t<div role=\"region\" aria-labelledby=\"e-n-accordion-item-8247\" class=\"elementor-element elementor-element-5f99ed0 e-con-full e-flex e-con e-child\" data-id=\"5f99ed0\" data-element_type=\"container\" data-e-type=\"container\">\n\t\t\t\t<div class=\"elementor-element elementor-element-f79cca1 elementor-widget elementor-widget-text-editor\" data-id=\"f79cca1\" data-element_type=\"widget\" data-e-type=\"widget\" data-widget_type=\"text-editor.default\">\n\t\t\t\t<div class=\"elementor-widget-container\">\n\t\t\t\t\t\t\t\t\t<p> <\/p><p>Bilgi kaynaklar\u0131n\u0131n ba\u011f\u0131\u015f yoluyla sa\u011flanmas\u0131nda uygulanacak esaslar \u015funlard\u0131r:<\/p><p> <\/p><ul><li>IRCICA\u2019n\u0131n ama\u00e7lar\u0131na ve ara\u015ft\u0131rma ihtiya\u00e7lar\u0131na uygun nitelikte olan, g\u00fcncelli\u011fini ya da bilimsel \u00f6zelli\u011fini yitirmemi\u015f bilgi kaynaklar\u0131 ba\u011f\u0131\u015f olarak kabul edilir.<\/li><li>Fiziksel a\u00e7\u0131dan hasarl\u0131, \u00e7izik, sayfalar\u0131 eksik, \u00fczerinde ba\u015fka bir kurumun aidiyet ka\u015fesi bulunan bilgi kaynaklar\u0131 ba\u011f\u0131\u015f olarak kabul edilmez.<\/li><li>\u0130deolojik ve propaganda ama\u00e7l\u0131, ahlak kurallar\u0131yla ba\u011fda\u015fmayan vb. bilgi kaynaklar\u0131 ve ayn\u0131 kayna\u011fa ait birden \u00e7ok n\u00fcshalar ba\u011f\u0131\u015f olarak kabul edilmez.<\/li><li>Gazeteler ve gazetelerin ek olarak verdi\u011fi yay\u0131nlar ba\u011f\u0131\u015f olarak kabul edilmez.<\/li><li>Kendi i\u00e7inde cilt b\u00fct\u00fcnl\u00fc\u011f\u00fc sa\u011flamayan s\u00fcreli yay\u0131nlarla, mevcut koleksiyona uygun olmayan yay\u0131nlar, tek say\u0131lar ve makalelerin ayr\u0131 bas\u0131mlar\u0131 ba\u011f\u0131\u015f olarak kabul edilmez.<\/li><li>\u0130lk\u00f6\u011fretim, lise ders kitaplar\u0131, teksir, fotokopi ile \u00e7o\u011falt\u0131lm\u0131\u015f ya da korsan bas\u0131m bilgi kaynaklar\u0131 ba\u011f\u0131\u015f olarak kabul edilmez.<\/li><li>Test kitaplar\u0131 ba\u011f\u0131\u015f olarak kabul edilmez.<\/li><li>Ba\u011f\u0131\u015f\u00e7\u0131 ba\u011f\u0131\u015f sonras\u0131nda ba\u011f\u0131\u015f\u0131 ve i\u00e7erisinde bulunabilecek evrak, belge vb. hakk\u0131nda hak iddia edemez.<\/li><li>Ba\u011f\u0131\u015f yapan ki\u015filer i\u00e7in, k\u00fct\u00fcphane i\u00e7inde genel koleksiyonun b\u00fct\u00fcnl\u00fc\u011f\u00fcn\u00fc bozacak \u015fekilde \u00f6zel bir koleksiyon ya da mek\u00e2n olu\u015fturulamaz.<\/li><\/ul><p>Koleksiyonlarla ilgili soru, yorum ve \u00f6nerilerinizi <a href=\"mailto:library@ircica.org\">library@ircica.org<\/a> adresi \u00fczerinden iletebilirsiniz.<\/p>\t\t\t\t\t\t\t\t<\/div>\n\t\t\t\t<\/div>\n\t\t\t\t<\/div>\n\t\t\t\t\t<\/details>\n\t\t\t\t\t<\/div>\n\t\t\t\t\t\t<\/div>\n\t\t\t\t<\/div>\n\t\t\t\t<div class=\"elementor-element elementor-element-c3ae704 elementor-widget-divider--view-line_text elementor-widget-divider--element-align-center elementor-widget elementor-widget-divider\" data-id=\"c3ae704\" data-element_type=\"widget\" data-e-type=\"widget\" data-widget_type=\"divider.default\">\n\t\t\t\t<div class=\"elementor-widget-container\">\n\t\t\t\t\t\t\t<div class=\"elementor-divider\">\n\t\t\t<span class=\"elementor-divider-separator\">\n\t\t\t\t\t\t\t<span class=\"elementor-divider__text elementor-divider__element\">\n\t\t\t\tIRCICA\t\t\t\t<\/span>\n\t\t\t\t\t\t<\/span>\n\t\t<\/div>\n\t\t\t\t\t\t<\/div>\n\t\t\t\t<\/div>\n\t\t\t\t\t<\/div>\n\t\t\t\t<\/div>\n\t\t\t\t<\/div>\n\t\t","protected":false},"excerpt":{"rendered":"<p>S\u0131k\u00e7a Sorulan Sorular IRCICA K\u00fct\u00fcphanesi\u2019ni kimler kullanabilir? K\u00fct\u00fcphane, \u00f6ncelikle IRCICA ara\u015ft\u0131rmac\u0131lar\u0131n\u0131n her t\u00fcrl\u00fc bilgi ihtiya\u00e7lar\u0131n\u0131 kar\u015f\u0131lamakla beraber ayr\u0131ca d\u00fcnyan\u0131n her yerinden ziyaret\u00e7ilere hizmet vermektedir. K\u00fct\u00fcphaneyi ziyaret eden d\u0131\u015f kullan\u0131c\u0131lar aras\u0131nda&hellip;<\/p>\n","protected":false},"author":2,"featured_media":0,"parent":0,"menu_order":0,"comment_status":"closed","ping_status":"closed","template":"page-fullwidth.php","meta":{"_lmt_disableupdate":"no","_lmt_disable":"","footnotes":""},"class_list":["post-3298","page","type-page","status-publish","hentry"],"_links":{"self":[{"href":"https:\/\/library.ircica.org\/tr\/wp-json\/wp\/v2\/pages\/3298","targetHints":{"allow":["GET"]}}],"collection":[{"href":"https:\/\/library.ircica.org\/tr\/wp-json\/wp\/v2\/pages"}],"about":[{"href":"https:\/\/library.ircica.org\/tr\/wp-json\/wp\/v2\/types\/page"}],"author":[{"embeddable":true,"href":"https:\/\/library.ircica.org\/tr\/wp-json\/wp\/v2\/users\/2"}],"replies":[{"embeddable":true,"href":"https:\/\/library.ircica.org\/tr\/wp-json\/wp\/v2\/comments?post=3298"}],"version-history":[{"count":1,"href":"https:\/\/library.ircica.org\/tr\/wp-json\/wp\/v2\/pages\/3298\/revisions"}],"predecessor-version":[{"id":4096,"href":"https:\/\/library.ircica.org\/tr\/wp-json\/wp\/v2\/pages\/3298\/revisions\/4096"}],"wp:attachment":[{"href":"https:\/\/library.ircica.org\/tr\/wp-json\/wp\/v2\/media?parent=3298"}],"curies":[{"name":"wp","href":"https:\/\/api.w.org\/{rel}","templated":true}]}}