{"id":3305,"date":"2025-03-17T08:46:03","date_gmt":"2025-03-17T05:46:03","guid":{"rendered":"https:\/\/library.ircica.org\/uyelik-ve-kullanim-kurallari\/"},"modified":"2025-08-21T10:38:39","modified_gmt":"2025-08-21T07:38:39","slug":"uyelik-ve-kullanim-kurallari","status":"publish","type":"page","link":"https:\/\/library.ircica.org\/tr\/uyelik-ve-kullanim-kurallari\/","title":{"rendered":"\u00dcyelik Ve Kullan\u0131m Kurallar\u0131"},"content":{"rendered":"\t\t<div data-elementor-type=\"wp-page\" data-elementor-id=\"3305\" class=\"elementor elementor-3305 elementor-1542\" data-elementor-post-type=\"page\">\n\t\t\t\t<div class=\"elementor-element elementor-element-4a833d2 e-flex e-con-boxed e-con e-parent\" data-id=\"4a833d2\" data-element_type=\"container\" data-e-type=\"container\">\n\t\t\t\t\t<div class=\"e-con-inner\">\n\t\t\t\t<div class=\"elementor-element elementor-element-93cf76d elementor-widget elementor-widget-heading\" data-id=\"93cf76d\" data-element_type=\"widget\" data-e-type=\"widget\" data-widget_type=\"heading.default\">\n\t\t\t\t<div class=\"elementor-widget-container\">\n\t\t\t\t\t<h2 class=\"elementor-heading-title elementor-size-default\">\u00dcyelik ve Kullan\u0131m Kurallar\u0131<\/h2>\t\t\t\t<\/div>\n\t\t\t\t<\/div>\n\t\t\t\t<div class=\"elementor-element elementor-element-90c3c0b elementor-widget elementor-widget-text-editor\" data-id=\"90c3c0b\" data-element_type=\"widget\" data-e-type=\"widget\" data-widget_type=\"text-editor.default\">\n\t\t\t\t<div class=\"elementor-widget-container\">\n\t\t\t\t\t\t\t\t\t<p>\u00a0<\/p><p>K\u00fct\u00fcphane ve Ar\u015fiv hizmetlerinden yararlanmak isteyen kullan\u0131c\u0131lar \u00fcyelik yapt\u0131rmak zorundad\u0131rlar; \u00fcyelik \u00fccretsizdir. Kullan\u0131c\u0131lar \u00fcyelik i\u015flemlerini ger\u00e7ekle\u015ftirmekle a\u015fa\u011f\u0131da yer alan kullan\u0131m kurallar\u0131na uyacaklar\u0131n\u0131 beyan etmi\u015f olurlar. K\u00fct\u00fcphane ve Ar\u015fiv kurallara uymayan kullan\u0131c\u0131lara hizmet vermeyi reddetme hakk\u0131na sahiptir.<\/p><p>\u00a0<\/p>\t\t\t\t\t\t\t\t<\/div>\n\t\t\t\t<\/div>\n\t\t\t\t\t<\/div>\n\t\t\t\t<\/div>\n\t\t<div class=\"elementor-element elementor-element-cc5cd28 e-flex e-con-boxed e-con e-parent\" data-id=\"cc5cd28\" data-element_type=\"container\" data-e-type=\"container\">\n\t\t\t\t\t<div class=\"e-con-inner\">\n\t\t\t\t<div class=\"elementor-element elementor-element-9fbddcb elementor-widget elementor-widget-heading\" data-id=\"9fbddcb\" data-element_type=\"widget\" data-e-type=\"widget\" data-widget_type=\"heading.default\">\n\t\t\t\t<div class=\"elementor-widget-container\">\n\t\t\t\t\t<h2 class=\"elementor-heading-title elementor-size-default\">\nK\u00fct\u00fcphane ve Ar\u015fiv Kullan\u0131m Kurallar\u0131:\n<\/h2>\t\t\t\t<\/div>\n\t\t\t\t<\/div>\n\t\t\t\t<div class=\"elementor-element elementor-element-18c5e6c elementor-widget elementor-widget-text-editor\" data-id=\"18c5e6c\" data-element_type=\"widget\" data-e-type=\"widget\" data-widget_type=\"text-editor.default\">\n\t\t\t\t<div class=\"elementor-widget-container\">\n\t\t\t\t\t\t\t\t\t<ul><li>K\u00fct\u00fcphane ve Ar\u015fiv t\u00fcm d\u00fcnyadan ara\u015ft\u0131rmac\u0131lara ve IRCICA \u00e7al\u0131\u015fanlar\u0131na hizmet vermektedir.<\/li><\/ul><ul><li>\u0130lk kez gelen kullan\u0131c\u0131lara \u00fccretsiz \u00fcyelik yap\u0131larak, K\u00fct\u00fcphane ve Ar\u015five geldiklerinde g\u00fcnl\u00fck \u00fcye kart\u0131 verilmektedir. Kullan\u0131c\u0131lar\u0131n, \u00fcye kart\u0131n\u0131 g\u00fcn i\u00e7inde k\u00fct\u00fcphaneden ayr\u0131l\u0131rken \u00e7\u0131k\u0131\u015fta dan\u0131\u015fmaya teslim etmesi gerekmektedir.<\/li><\/ul><ul><li>Kullan\u0131c\u0131lar Dan\u0131\u015fma Masas\u0131\u2019na gelmeden \u00f6nce palto, \u00e7anta, bilgisayar \u00e7antas\u0131 vb. e\u015fyalar\u0131n\u0131 K\u00fct\u00fcphane ve Ar\u015fiv binas\u0131n\u0131n giri\u015f kat\u0131nda bulunan kilitli emanet dolaplar\u0131na b\u0131rakmal\u0131d\u0131rlar. Dolap d\u0131\u015f\u0131nda b\u0131rak\u0131lm\u0131\u015f e\u015fyalar\u0131n sorumlulu\u011fu yaln\u0131z kullan\u0131c\u0131lara aittir. Kaybolan \u00f6zel e\u015fyalar i\u00e7in K\u00fct\u00fcphane ve Ar\u015fiv y\u00f6netimi sorumluluk kabul etmez.<\/li><\/ul><ul><li>Kullan\u0131c\u0131lar, kilitli emanet dolaplar\u0131n\u0131 binada kald\u0131\u011f\u0131 s\u00fcre zarf\u0131nda kullanmaktad\u0131r. G\u00fcn sonunda t\u00fcm dolaplar K\u00fct\u00fcphane ve Ar\u015fiv personeli taraf\u0131ndan bo\u015falt\u0131lmaktad\u0131r. Bo\u015falt\u0131lan e\u015fyalar i\u00e7in k\u00fct\u00fcphane y\u00f6netimi sorumluluk kabul etmez.<\/li><\/ul><ul><li>Hijyen ko\u015fullar\u0131n\u0131 sa\u011flayabilmek i\u00e7in dolaplarda koku olu\u015fturabilecek e\u015fya ve yiyecek\/i\u00e7ecek bulundurulmas\u0131 yasakt\u0131r.<\/li><\/ul><ul><li>Kullan\u0131c\u0131lar, kaynaklar\u0131 kulland\u0131ktan sonra raftaki yerlerine yerle\u015ftirmemeli, masalar\u0131n \u00fcst\u00fcnde b\u0131rakmal\u0131d\u0131rlar.<\/li><\/ul><ul><li>\u00d6d\u00fcn\u00e7 alma hizmetinden sadece IRCICA \u00e7al\u0131\u015fanlar\u0131 yararlanmaktad\u0131r. D\u0131\u015f kullan\u0131c\u0131lar\u0131n \u00f6d\u00fcn\u00e7 alma hakk\u0131 bulunmamaktad\u0131r.<\/li><\/ul><ul><li>K\u00fct\u00fcphane ve Ar\u015fiv koleksiyonunun g\u00fcvenli\u011fi manyetik kap\u0131 kontrol sistemi ile sa\u011flanmaktad\u0131r. \u00d6d\u00fcn\u00e7 alma i\u015flemi yap\u0131lmam\u0131\u015f hi\u00e7bir materyal d\u0131\u015far\u0131 \u00e7\u0131kar\u0131lmamal\u0131d\u0131r. Aksi takdirde K\u00fct\u00fcphane ve Ar\u015fiv g\u00f6revlilerinin \u00e7antan\u0131z\u0131 veya e\u015fyalar\u0131n\u0131z\u0131 arama hakk\u0131 do\u011facakt\u0131r.<\/li><\/ul><ul><li>Kablosuz a\u011f yaln\u0131zca ara\u015ft\u0131rma ve akademik \u00e7al\u0131\u015fmalar i\u00e7indir. Kablosuz a\u011f\u0131 program, film vb. indirmek i\u00e7in kullanmak yasakt\u0131r.<\/li><\/ul><ul><li>Kullan\u0131c\u0131lar K\u00fct\u00fcphane ve Ar\u015fiv personelinin yapt\u0131\u011f\u0131 uyar\u0131lar\u0131 dikkate almakla y\u00fck\u00fcml\u00fcd\u00fcr.<\/li><\/ul><ul><li>Kullan\u0131c\u0131lar\u0131n IRCICA K\u00fct\u00fcphane ve Ar\u015fivi\u2019nde davran\u0131\u015f kurallar\u0131na ba\u011fl\u0131 kalmalar\u0131 ve di\u011fer kullan\u0131c\u0131lar\u0131n \u00e7al\u0131\u015fmalar\u0131na olumsuz etki yapabilecek her t\u00fcrl\u00fc davran\u0131\u015ftan ka\u00e7\u0131nmalar\u0131 gerekmektedir.<\/li><\/ul><p>\u00a0<\/p><p><strong>Ka\u00e7\u0131n\u0131lmas\u0131 gereken davran\u0131\u015flar:<\/strong><\/p><p>\u00a0<\/p><ul><li>Y\u00fcksek sesle konu\u015fmak<\/li><li>Cep telefonu ile konu\u015fmak<\/li><li>K\u00fct\u00fcphanede y\u00fcksek sesle m\u00fczik dinlemek, video izlemek<\/li><li>K\u00fct\u00fcphaneye yiyecek ve i\u00e7ecek getirmek (a\u011fz\u0131 kapal\u0131 su getirilebilir)<\/li><li>K\u00fct\u00fcphane materyallerine ve ekipman\u0131na zarar vermek ya da onlar\u0131 k\u00f6t\u00fc kullanmak<\/li><li>K\u00fct\u00fcphanede ki\u015fisel e\u015fyalar ile yer tutmak<\/li><\/ul>\t\t\t\t\t\t\t\t<\/div>\n\t\t\t\t<\/div>\n\t\t\t\t\t<\/div>\n\t\t\t\t<\/div>\n\t\t<div class=\"elementor-element elementor-element-8153f4f e-flex e-con-boxed e-con e-parent\" data-id=\"8153f4f\" data-element_type=\"container\" data-e-type=\"container\">\n\t\t\t\t\t<div class=\"e-con-inner\">\n\t\t\t\t<div class=\"elementor-element elementor-element-10a157c elementor-widget elementor-widget-heading\" data-id=\"10a157c\" data-element_type=\"widget\" data-e-type=\"widget\" data-widget_type=\"heading.default\">\n\t\t\t\t<div class=\"elementor-widget-container\">\n\t\t\t\t\t<h2 class=\"elementor-heading-title elementor-size-default\">Dijital Materyallerin Kullan\u0131m Haklar\u0131: <\/h2>\t\t\t\t<\/div>\n\t\t\t\t<\/div>\n\t\t\t\t<div class=\"elementor-element elementor-element-79d1607 elementor-widget elementor-widget-text-editor\" data-id=\"79d1607\" data-element_type=\"widget\" data-e-type=\"widget\" data-widget_type=\"text-editor.default\">\n\t\t\t\t<div class=\"elementor-widget-container\">\n\t\t\t\t\t\t\t\t\t<p>IRCICA K\u00fct\u00fcphane ve Ar\u015fivi\u2019ndeki materyaller yaln\u0131zca ara\u015ft\u0131rma ve bilimsel \u00e7al\u0131\u015fma i\u00e7in fiziksel kopya ya da dijital olarak mevcuttur. IRCICA K\u00fct\u00fcphane ve Ar\u015fivi web sitesinde sunulan materyallerin kullan\u0131m\u0131 T\u00fcrkiye Cumhuriyeti Fikir ve Sanat Eserleri Kanunu\u2019na uygundur. \u0130slam \u0130\u015fbirli\u011fi Te\u015fkilat\u0131\u2019n\u0131n bir alt kurulu\u015fu olan IRCICA, bu materyalleri web sitesinde sunarken Bern S\u00f6zle\u015fmesi ve WIPO telif hakk\u0131 anla\u015fmas\u0131na uymaktad\u0131r. Bu nedenle, bilim, edebiyat, m\u00fczik, hat sanat\u0131 vb. dahil olmak \u00fczere fikri veya sanatsal nitelikteki bir eserin g\u00f6r\u00fcnt\u00fclenmesi hakk\u0131 eserin hak sahibine\/yazar\u0131na ait olacakt\u0131r.<\/p><p>\u00a0<\/p><p>IRCICA K\u00fct\u00fcphane ve Ar\u015fivi web sitesinde sunulan s\u00f6z konusu eserler yukar\u0131da belirtilen yasa ve s\u00f6zle\u015fmelerle korunmaktad\u0131r. Kullan\u0131c\u0131lar\u0131n, yukar\u0131da s\u0131ralanan yasa ve s\u00f6zle\u015fmelerde belirtildi\u011fi gibi, bunlar\u0131 kopyalamas\u0131, \u00e7o\u011faltmas\u0131, da\u011f\u0131tmas\u0131, de\u011fi\u015ftirmesi, uyarlamas\u0131, yaymas\u0131, icra etmesi veya yay\u0131nlamas\u0131 yasakt\u0131r. \u00dcretilen eserin herhangi bir t\u00fcrde kullan\u0131m\u0131, eserin yazar\u0131n\u0131n ve IRCICA\u2019n\u0131n yaz\u0131l\u0131 ve imzal\u0131 onay\u0131na ek olarak ilgili yasa ve s\u00f6zle\u015fmelere tabi olacakt\u0131r. Eserin belirtilecek \u015fekildeki serbest kullan\u0131m\u0131, ilgili yasa ve s\u00f6zle\u015fmelere g\u00f6re \u00f6\u011fretim ama\u00e7l\u0131 sunumu, kaynak ve yazar belirtme, al\u0131nt\u0131lama ilkelerine uygun olacak ve k\u00e2r amac\u0131 g\u00fctmeyecektir. Kullan\u0131c\u0131, \u00e7o\u011falt\u0131lan eserin telif hakk\u0131 ve yay\u0131n haklar\u0131n\u0131n ihlali dahil ancak bunlarla s\u0131n\u0131rl\u0131 olmamak \u00fczere herhangi bir yanl\u0131\u015f kullan\u0131mda her t\u00fcrl\u00fc yasal y\u00fck\u00fcml\u00fcl\u00fc\u011f\u00fc ve tam sorumlulu\u011fu \u00fcstlenecektir.<\/p><p>\u00a0<\/p><p>Materyale at\u0131f a\u015fa\u011f\u0131daki \u015fekilde yap\u0131lmal\u0131d\u0131r:<\/p><p>\u00a0<\/p><p style=\"padding-left: 40px;\">IRCICA K\u00fct\u00fcphanesi ve Ar\u015fivi, Koleksiyon Ad\u0131, Materyal Ba\u015fl\u0131\u011f\u0131.<\/p><p>\u00a0<\/p><p>Daha fazla bilgi i\u00e7in <a href=\"mailto:library@ircica.org\"><strong>t\u0131klay\u0131n\u0131z<\/strong>\u00a0<\/a><\/p>\t\t\t\t\t\t\t\t<\/div>\n\t\t\t\t<\/div>\n\t\t\t\t<div class=\"elementor-element elementor-element-83ca5ad elementor-widget-divider--view-line_text elementor-widget-divider--element-align-center elementor-widget elementor-widget-divider\" data-id=\"83ca5ad\" data-element_type=\"widget\" data-e-type=\"widget\" data-widget_type=\"divider.default\">\n\t\t\t\t<div class=\"elementor-widget-container\">\n\t\t\t\t\t\t\t<div class=\"elementor-divider\">\n\t\t\t<span class=\"elementor-divider-separator\">\n\t\t\t\t\t\t\t<span class=\"elementor-divider__text elementor-divider__element\">\n\t\t\t\tIRCICA\t\t\t\t<\/span>\n\t\t\t\t\t\t<\/span>\n\t\t<\/div>\n\t\t\t\t\t\t<\/div>\n\t\t\t\t<\/div>\n\t\t\t\t\t<\/div>\n\t\t\t\t<\/div>\n\t\t\t\t<\/div>\n\t\t","protected":false},"excerpt":{"rendered":"<p>\u00dcyelik ve Kullan\u0131m Kurallar\u0131 \u00a0 K\u00fct\u00fcphane ve Ar\u015fiv hizmetlerinden yararlanmak isteyen kullan\u0131c\u0131lar \u00fcyelik yapt\u0131rmak zorundad\u0131rlar; \u00fcyelik \u00fccretsizdir. Kullan\u0131c\u0131lar \u00fcyelik i\u015flemlerini ger\u00e7ekle\u015ftirmekle a\u015fa\u011f\u0131da yer alan kullan\u0131m kurallar\u0131na uyacaklar\u0131n\u0131 beyan etmi\u015f olurlar.&hellip;<\/p>\n","protected":false},"author":2,"featured_media":0,"parent":0,"menu_order":0,"comment_status":"closed","ping_status":"closed","template":"page-fullwidth.php","meta":{"_lmt_disableupdate":"no","_lmt_disable":"","footnotes":""},"class_list":["post-3305","page","type-page","status-publish","hentry"],"_links":{"self":[{"href":"https:\/\/library.ircica.org\/tr\/wp-json\/wp\/v2\/pages\/3305","targetHints":{"allow":["GET"]}}],"collection":[{"href":"https:\/\/library.ircica.org\/tr\/wp-json\/wp\/v2\/pages"}],"about":[{"href":"https:\/\/library.ircica.org\/tr\/wp-json\/wp\/v2\/types\/page"}],"author":[{"embeddable":true,"href":"https:\/\/library.ircica.org\/tr\/wp-json\/wp\/v2\/users\/2"}],"replies":[{"embeddable":true,"href":"https:\/\/library.ircica.org\/tr\/wp-json\/wp\/v2\/comments?post=3305"}],"version-history":[{"count":1,"href":"https:\/\/library.ircica.org\/tr\/wp-json\/wp\/v2\/pages\/3305\/revisions"}],"predecessor-version":[{"id":4174,"href":"https:\/\/library.ircica.org\/tr\/wp-json\/wp\/v2\/pages\/3305\/revisions\/4174"}],"wp:attachment":[{"href":"https:\/\/library.ircica.org\/tr\/wp-json\/wp\/v2\/media?parent=3305"}],"curies":[{"name":"wp","href":"https:\/\/api.w.org\/{rel}","templated":true}]}}